{"id":3802,"date":"2022-11-30T10:34:47","date_gmt":"2022-11-30T10:34:47","guid":{"rendered":"https:\/\/beta.jollyscarpe.com\/dani\/"},"modified":"2022-12-23T14:59:36","modified_gmt":"2022-12-23T14:59:36","slug":"dani","status":"publish","type":"page","link":"https:\/\/www.jollyscarpe.com\/de\/dani\/","title":{"rendered":"Dani"},"content":{"rendered":"\n\n  <div class=\"banner has-hover has-parallax\" id=\"banner-1859534342\">\n          <div class=\"banner-inner fill\">\n        <div class=\"banner-bg fill\" data-parallax=\"-5\" data-parallax-container=\".banner\" data-parallax-background>\n            <img loading=\"lazy\" decoding=\"async\" width=\"1921\" height=\"800\" src=\"https:\/\/www.jollyscarpe.com\/wp-content\/uploads\/2022\/11\/tecnologie_header01.jpg\" class=\"bg attachment-original size-original\" alt=\"\" \/>                        <div class=\"overlay\"><\/div>            \n                    <\/div>\n\t\t\n        <div class=\"banner-layers container\">\n            <div class=\"fill banner-link\"><\/div>            \n\n   <div id=\"text-box-1303942031\" class=\"text-box banner-layer x10 md-x95 lg-x95 y50 md-y50 lg-y50 res-text\">\n                                <div class=\"text-box-content text dark\">\n              \n              <div class=\"text-inner text-left\">\n                  \n\n<h2 class=\"uppercase\">TECHNOLOGIEN<\/h2>\n<p class=\"uppercase\">JOLLY-PRODUKTE WERDEN MIT DEN BESTEN TECHNOLOGIEN HERGESTELLT<\/p>\n\n              <\/div>\n           <\/div>\n                            \n<style>\n#text-box-1303942031 {\n  width: 60%;\n}\n#text-box-1303942031 .text-box-content {\n  font-size: 100%;\n}\n@media (min-width:550px) {\n  #text-box-1303942031 {\n    width: 40%;\n  }\n}\n<\/style>\n    <\/div>\n \n\n        <\/div>\n      <\/div>\n\n            \n<style>\n#banner-1859534342 {\n  padding-top: 350px;\n}\n#banner-1859534342 .overlay {\n  background-color: rgba(0, 0, 0, 0.36);\n}\n#banner-1859534342 .banner-bg img {\n  object-position: 9% 43%;\n}\n<\/style>\n  <\/div>\n\n\n\n\t<section class=\"section\" id=\"section_663876929\">\n\t\t<div class=\"section-bg fill\" >\n\t\t\t\t\t\t\t\t\t\n\t\t\t\n\n\t\t<\/div>\n\n\t\t\n\n\t\t<div class=\"section-content relative\">\n\t\t\t\n\n<div class=\"row\"  id=\"row-531670241\">\n\n\n\t<div id=\"col-33379303\" class=\"col small-12 large-12\"  >\n\t\t\t\t<div class=\"col-inner text-right\"  >\n\t\t\t\n\t\t\t\n\n<a href=\"https:\/\/www.jollyscarpe.com\/tecnologie\/\" class=\"button primary lowercase reveal-icon\" >\n\t\t<span>Zur\u00fcck zu Technologien<\/span>\n\t<i class=\"icon-angle-right\" aria-hidden=\"true\"><\/i><\/a>\n\n\n\n\t\t<\/div>\n\t\t\t\t\t<\/div>\n\n\t\n\n\t<div id=\"col-549083568\" class=\"col small-12 large-12\"  >\n\t\t\t\t<div class=\"col-inner text-center\"  >\n\t\t\t\n\t\t\t\n\n\n\t\t<div class=\"icon-box featured-box icon-box-top text-left\"  >\n\t\t\t\t\t<div class=\"icon-box-img\" style=\"width: 300px\">\n\t\t\t\t<div class=\"icon\">\n\t\t\t\t\t<div class=\"icon-inner\" >\n\t\t\t\t\t\t<img loading=\"lazy\" decoding=\"async\" width=\"300\" height=\"138\" src=\"https:\/\/www.jollyscarpe.com\/wp-content\/uploads\/2022\/11\/dani_img-300x138.png\" class=\"attachment-medium size-medium\" alt=\"\" srcset=\"https:\/\/www.jollyscarpe.com\/wp-content\/uploads\/2022\/11\/dani_img-300x138.png 300w, https:\/\/www.jollyscarpe.com\/wp-content\/uploads\/2022\/11\/dani_img.png 347w\" sizes=\"auto, (max-width: 300px) 100vw, 300px\" \/>\t\t\t\t\t<\/div>\n\t\t\t\t<\/div>\n\t\t\t<\/div>\n\t\t\t\t<div class=\"icon-box-text last-reset\">\n\t\t\t\t\t\t\t\t\t\n\n\t<div id=\"text-1672694736\" class=\"text\">\n\t\t\n\n<h1>DANI<\/h1>\n<h4>F\u00fchrendes Ledergerbereiunternehmen f\u00fcr alle Branchen<\/h4>\n<h4> <\/h4>\n<p>Nachhaltige Gerberei mit vollst\u00e4ndigem Kreislauf. Dani wurde 1950 gegr\u00fcndet und hat sich als f\u00fchrendes Unternehmen in der Branche mit einer ausgepr\u00e4gten Innovationsbereitschaft etabliert. In den Jahren 2012 und 2014 wurde es in den Top 100 der umweltfreundlichsten Unternehmen in Italien erw\u00e4hnt.<\/p>\n\t\t\n<style>\n#text-1672694736 {\n  text-align: center;\n}\n<\/style>\n\t<\/div>\n\t\n\n\t\t<\/div>\n\t<\/div>\n\t\n\t\n\n\t\t<\/div>\n\t\t\t\t\t<\/div>\n\n\t\n\n<\/div>\n\t<div class=\"img has-hover x md-x lg-x y md-y lg-y\" id=\"image_726065233\">\n\t\t\t\t\t\t\t\t<div class=\"img-inner dark\" >\n\t\t\t<img loading=\"lazy\" decoding=\"async\" width=\"1920\" height=\"650\" src=\"https:\/\/www.jollyscarpe.com\/wp-content\/uploads\/2022\/11\/dani_img01.jpg\" class=\"attachment-original size-original\" alt=\"\" srcset=\"https:\/\/www.jollyscarpe.com\/wp-content\/uploads\/2022\/11\/dani_img01.jpg 1920w, https:\/\/www.jollyscarpe.com\/wp-content\/uploads\/2022\/11\/dani_img01-300x102.jpg 300w, https:\/\/www.jollyscarpe.com\/wp-content\/uploads\/2022\/11\/dani_img01-1024x347.jpg 1024w, https:\/\/www.jollyscarpe.com\/wp-content\/uploads\/2022\/11\/dani_img01-768x260.jpg 768w, https:\/\/www.jollyscarpe.com\/wp-content\/uploads\/2022\/11\/dani_img01-1536x520.jpg 1536w\" sizes=\"auto, (max-width: 1920px) 100vw, 1920px\" \/>\t\t\t\t\t\t\n\t\t\t\t\t<\/div>\n\t\t\t\t\t\t\t\t\n<style>\n#image_726065233 {\n  width: 100%;\n}\n<\/style>\n\t<\/div>\n\t\n\n\n\t\t<\/div>\n\n\t\t\n<style>\n#section_663876929 {\n  padding-top: 0px;\n  padding-bottom: 0px;\n  background-color: rgb(245, 245, 245);\n}\n<\/style>\n\t<\/section>\n\t\n\n","protected":false},"excerpt":{"rendered":"","protected":false},"author":1,"featured_media":0,"parent":0,"menu_order":0,"comment_status":"closed","ping_status":"closed","template":"page-blank.php","meta":{"_acf_changed":false,"footnotes":""},"class_list":["post-3802","page","type-page","status-publish","hentry"],"acf":[],"yoast_head":"<!-- This site is optimized with the Yoast SEO plugin v27.2 - https:\/\/yoast.com\/product\/yoast-seo-wordpress\/ -->\n<title>Dani - Jolly Scarpe<\/title>\n<meta name=\"robots\" content=\"index, follow, max-snippet:-1, max-image-preview:large, max-video-preview:-1\" \/>\n<link rel=\"canonical\" href=\"https:\/\/www.jollyscarpe.com\/de\/dani\/\" \/>\n<meta property=\"og:locale\" content=\"de_DE\" \/>\n<meta property=\"og:type\" content=\"article\" \/>\n<meta property=\"og:title\" content=\"Dani - Jolly Scarpe\" \/>\n<meta property=\"og:url\" content=\"https:\/\/www.jollyscarpe.com\/de\/dani\/\" \/>\n<meta property=\"og:site_name\" content=\"Jolly Scarpe\" \/>\n<meta property=\"article:modified_time\" content=\"2022-12-23T14:59:36+00:00\" \/>\n<meta name=\"twitter:card\" content=\"summary_large_image\" \/>\n<meta name=\"twitter:label1\" content=\"Gesch\u00e4tzte Lesezeit\" \/>\n\t<meta name=\"twitter:data1\" content=\"1\u00a0Minute\" \/>\n<script type=\"application\/ld+json\" class=\"yoast-schema-graph\">{\"@context\":\"https:\/\/schema.org\",\"@graph\":[{\"@type\":\"WebPage\",\"@id\":\"https:\/\/www.jollyscarpe.com\/de\/dani\/\",\"url\":\"https:\/\/www.jollyscarpe.com\/de\/dani\/\",\"name\":\"Dani - Jolly Scarpe\",\"isPartOf\":{\"@id\":\"https:\/\/www.jollyscarpe.com\/de\/#website\"},\"datePublished\":\"2022-11-30T10:34:47+00:00\",\"dateModified\":\"2022-12-23T14:59:36+00:00\",\"breadcrumb\":{\"@id\":\"https:\/\/www.jollyscarpe.com\/de\/dani\/#breadcrumb\"},\"inLanguage\":\"de\",\"potentialAction\":[{\"@type\":\"ReadAction\",\"target\":[\"https:\/\/www.jollyscarpe.com\/de\/dani\/\"]}]},{\"@type\":\"BreadcrumbList\",\"@id\":\"https:\/\/www.jollyscarpe.com\/de\/dani\/#breadcrumb\",\"itemListElement\":[{\"@type\":\"ListItem\",\"position\":1,\"name\":\"Home \/ Prodotti\",\"item\":\"https:\/\/www.jollyscarpe.com\/de\/startseite\/\"},{\"@type\":\"ListItem\",\"position\":2,\"name\":\"Dani\"}]},{\"@type\":\"WebSite\",\"@id\":\"https:\/\/www.jollyscarpe.com\/de\/#website\",\"url\":\"https:\/\/www.jollyscarpe.com\/de\/\",\"name\":\"Jolly Scarpe\",\"description\":\"Scarpe e calzature professionali antinfortunistiche\",\"potentialAction\":[{\"@type\":\"SearchAction\",\"target\":{\"@type\":\"EntryPoint\",\"urlTemplate\":\"https:\/\/www.jollyscarpe.com\/de\/?s={search_term_string}\"},\"query-input\":{\"@type\":\"PropertyValueSpecification\",\"valueRequired\":true,\"valueName\":\"search_term_string\"}}],\"inLanguage\":\"de\"}]}<\/script>\n<!-- \/ Yoast SEO plugin. -->","yoast_head_json":{"title":"Dani - Jolly Scarpe","robots":{"index":"index","follow":"follow","max-snippet":"max-snippet:-1","max-image-preview":"max-image-preview:large","max-video-preview":"max-video-preview:-1"},"canonical":"https:\/\/www.jollyscarpe.com\/de\/dani\/","og_locale":"de_DE","og_type":"article","og_title":"Dani - Jolly Scarpe","og_url":"https:\/\/www.jollyscarpe.com\/de\/dani\/","og_site_name":"Jolly Scarpe","article_modified_time":"2022-12-23T14:59:36+00:00","twitter_card":"summary_large_image","twitter_misc":{"Gesch\u00e4tzte Lesezeit":"1\u00a0Minute"},"schema":{"@context":"https:\/\/schema.org","@graph":[{"@type":"WebPage","@id":"https:\/\/www.jollyscarpe.com\/de\/dani\/","url":"https:\/\/www.jollyscarpe.com\/de\/dani\/","name":"Dani - Jolly Scarpe","isPartOf":{"@id":"https:\/\/www.jollyscarpe.com\/de\/#website"},"datePublished":"2022-11-30T10:34:47+00:00","dateModified":"2022-12-23T14:59:36+00:00","breadcrumb":{"@id":"https:\/\/www.jollyscarpe.com\/de\/dani\/#breadcrumb"},"inLanguage":"de","potentialAction":[{"@type":"ReadAction","target":["https:\/\/www.jollyscarpe.com\/de\/dani\/"]}]},{"@type":"BreadcrumbList","@id":"https:\/\/www.jollyscarpe.com\/de\/dani\/#breadcrumb","itemListElement":[{"@type":"ListItem","position":1,"name":"Home \/ Prodotti","item":"https:\/\/www.jollyscarpe.com\/de\/startseite\/"},{"@type":"ListItem","position":2,"name":"Dani"}]},{"@type":"WebSite","@id":"https:\/\/www.jollyscarpe.com\/de\/#website","url":"https:\/\/www.jollyscarpe.com\/de\/","name":"Jolly Scarpe","description":"Scarpe e calzature professionali antinfortunistiche","potentialAction":[{"@type":"SearchAction","target":{"@type":"EntryPoint","urlTemplate":"https:\/\/www.jollyscarpe.com\/de\/?s={search_term_string}"},"query-input":{"@type":"PropertyValueSpecification","valueRequired":true,"valueName":"search_term_string"}}],"inLanguage":"de"}]}},"_links":{"self":[{"href":"https:\/\/www.jollyscarpe.com\/de\/wp-json\/wp\/v2\/pages\/3802","targetHints":{"allow":["GET"]}}],"collection":[{"href":"https:\/\/www.jollyscarpe.com\/de\/wp-json\/wp\/v2\/pages"}],"about":[{"href":"https:\/\/www.jollyscarpe.com\/de\/wp-json\/wp\/v2\/types\/page"}],"author":[{"embeddable":true,"href":"https:\/\/www.jollyscarpe.com\/de\/wp-json\/wp\/v2\/users\/1"}],"replies":[{"embeddable":true,"href":"https:\/\/www.jollyscarpe.com\/de\/wp-json\/wp\/v2\/comments?post=3802"}],"version-history":[{"count":2,"href":"https:\/\/www.jollyscarpe.com\/de\/wp-json\/wp\/v2\/pages\/3802\/revisions"}],"predecessor-version":[{"id":3804,"href":"https:\/\/www.jollyscarpe.com\/de\/wp-json\/wp\/v2\/pages\/3802\/revisions\/3804"}],"wp:attachment":[{"href":"https:\/\/www.jollyscarpe.com\/de\/wp-json\/wp\/v2\/media?parent=3802"}],"curies":[{"name":"wp","href":"https:\/\/api.w.org\/{rel}","templated":true}]}}