{"id":3117,"date":"2022-12-13T13:01:21","date_gmt":"2022-12-13T13:01:21","guid":{"rendered":"https:\/\/beta.jollyscarpe.com\/recherche-de-demarrage\/"},"modified":"2022-12-22T12:47:48","modified_gmt":"2022-12-22T12:47:48","slug":"recherche-de-demarrage","status":"publish","type":"page","link":"https:\/\/www.jollyscarpe.com\/fr\/recherche-de-demarrage\/","title":{"rendered":"Recherche de d\u00e9marrage"},"content":{"rendered":"\n\n  <div class=\"banner has-hover has-parallax\" id=\"banner-420076209\">\n          <div class=\"banner-inner fill\">\n        <div class=\"banner-bg fill\" data-parallax=\"-5\" data-parallax-container=\".banner\" data-parallax-background>\n            <img loading=\"lazy\" decoding=\"async\" width=\"1920\" height=\"800\" src=\"https:\/\/www.jollyscarpe.com\/wp-content\/uploads\/2022\/12\/boot-finder_01.jpg\" class=\"bg attachment-original size-original\" alt=\"\" \/>                        <div class=\"overlay\"><\/div>            \n                    <\/div>\n\t\t\n        <div class=\"banner-layers container\">\n            <div class=\"fill banner-link\"><\/div>            \n\n   <div id=\"text-box-72415848\" class=\"text-box banner-layer .test x5 md-x5 lg-x5 y50 md-y50 lg-y50 res-text\">\n                                <div class=\"text-box-content text dark\">\n              \n              <div class=\"text-inner text-left\">\n                  \n\n<h2 class=\"uppercase\">TROUVEZ VOTRE CHAUSSURE<\/h2>\n<p class=\"uppercase\">Choisissez la cat\u00e9gorie qui vous int\u00e9resse et d\u00e9couvrez les chaussures et leurs caract\u00e9ristiques techniques<\/p>\n\n              <\/div>\n           <\/div>\n                            \n<style>\n#text-box-72415848 {\n  width: 60%;\n}\n#text-box-72415848 .text-box-content {\n  font-size: 100%;\n}\n@media (min-width:550px) {\n  #text-box-72415848 {\n    width: 40%;\n  }\n}\n<\/style>\n    <\/div>\n \n\n        <\/div>\n      <\/div>\n\n            \n<style>\n#banner-420076209 {\n  padding-top: 350px;\n}\n#banner-420076209 .overlay {\n  background-color: rgba(0, 0, 0, 0.36);\n}\n<\/style>\n  <\/div>\n\n\n","protected":false},"excerpt":{"rendered":"","protected":false},"author":1,"featured_media":0,"parent":0,"menu_order":0,"comment_status":"closed","ping_status":"closed","template":"page-boot-finder.php","meta":{"_acf_changed":false,"footnotes":""},"class_list":["post-3117","page","type-page","status-publish","hentry"],"acf":[],"yoast_head":"<!-- This site is optimized with the Yoast SEO plugin v27.2 - https:\/\/yoast.com\/product\/yoast-seo-wordpress\/ -->\n<title>Recherche de d\u00e9marrage - Jolly Scarpe<\/title>\n<meta name=\"robots\" content=\"index, follow, max-snippet:-1, max-image-preview:large, max-video-preview:-1\" \/>\n<link rel=\"canonical\" href=\"https:\/\/www.jollyscarpe.com\/fr\/recherche-de-demarrage\/\" \/>\n<meta property=\"og:locale\" content=\"fr_FR\" \/>\n<meta property=\"og:type\" content=\"article\" \/>\n<meta property=\"og:title\" content=\"Recherche de d\u00e9marrage - Jolly Scarpe\" \/>\n<meta property=\"og:url\" content=\"https:\/\/www.jollyscarpe.com\/fr\/recherche-de-demarrage\/\" \/>\n<meta property=\"og:site_name\" content=\"Jolly Scarpe\" \/>\n<meta property=\"article:modified_time\" content=\"2022-12-22T12:47:48+00:00\" \/>\n<meta name=\"twitter:card\" content=\"summary_large_image\" \/>\n<script type=\"application\/ld+json\" class=\"yoast-schema-graph\">{\"@context\":\"https:\/\/schema.org\",\"@graph\":[{\"@type\":\"WebPage\",\"@id\":\"https:\/\/www.jollyscarpe.com\/fr\/recherche-de-demarrage\/\",\"url\":\"https:\/\/www.jollyscarpe.com\/fr\/recherche-de-demarrage\/\",\"name\":\"Recherche de d\u00e9marrage - Jolly Scarpe\",\"isPartOf\":{\"@id\":\"https:\/\/www.jollyscarpe.com\/fr\/#website\"},\"datePublished\":\"2022-12-13T13:01:21+00:00\",\"dateModified\":\"2022-12-22T12:47:48+00:00\",\"breadcrumb\":{\"@id\":\"https:\/\/www.jollyscarpe.com\/fr\/recherche-de-demarrage\/#breadcrumb\"},\"inLanguage\":\"fr-FR\",\"potentialAction\":[{\"@type\":\"ReadAction\",\"target\":[\"https:\/\/www.jollyscarpe.com\/fr\/recherche-de-demarrage\/\"]}]},{\"@type\":\"BreadcrumbList\",\"@id\":\"https:\/\/www.jollyscarpe.com\/fr\/recherche-de-demarrage\/#breadcrumb\",\"itemListElement\":[{\"@type\":\"ListItem\",\"position\":1,\"name\":\"Home \/ Prodotti\",\"item\":\"https:\/\/www.jollyscarpe.com\/fr\/page-daccueil\/\"},{\"@type\":\"ListItem\",\"position\":2,\"name\":\"Recherche de d\u00e9marrage\"}]},{\"@type\":\"WebSite\",\"@id\":\"https:\/\/www.jollyscarpe.com\/fr\/#website\",\"url\":\"https:\/\/www.jollyscarpe.com\/fr\/\",\"name\":\"Jolly Scarpe\",\"description\":\"Scarpe e calzature professionali antinfortunistiche\",\"potentialAction\":[{\"@type\":\"SearchAction\",\"target\":{\"@type\":\"EntryPoint\",\"urlTemplate\":\"https:\/\/www.jollyscarpe.com\/fr\/?s={search_term_string}\"},\"query-input\":{\"@type\":\"PropertyValueSpecification\",\"valueRequired\":true,\"valueName\":\"search_term_string\"}}],\"inLanguage\":\"fr-FR\"}]}<\/script>\n<!-- \/ Yoast SEO plugin. -->","yoast_head_json":{"title":"Recherche de d\u00e9marrage - Jolly Scarpe","robots":{"index":"index","follow":"follow","max-snippet":"max-snippet:-1","max-image-preview":"max-image-preview:large","max-video-preview":"max-video-preview:-1"},"canonical":"https:\/\/www.jollyscarpe.com\/fr\/recherche-de-demarrage\/","og_locale":"fr_FR","og_type":"article","og_title":"Recherche de d\u00e9marrage - Jolly Scarpe","og_url":"https:\/\/www.jollyscarpe.com\/fr\/recherche-de-demarrage\/","og_site_name":"Jolly Scarpe","article_modified_time":"2022-12-22T12:47:48+00:00","twitter_card":"summary_large_image","schema":{"@context":"https:\/\/schema.org","@graph":[{"@type":"WebPage","@id":"https:\/\/www.jollyscarpe.com\/fr\/recherche-de-demarrage\/","url":"https:\/\/www.jollyscarpe.com\/fr\/recherche-de-demarrage\/","name":"Recherche de d\u00e9marrage - Jolly Scarpe","isPartOf":{"@id":"https:\/\/www.jollyscarpe.com\/fr\/#website"},"datePublished":"2022-12-13T13:01:21+00:00","dateModified":"2022-12-22T12:47:48+00:00","breadcrumb":{"@id":"https:\/\/www.jollyscarpe.com\/fr\/recherche-de-demarrage\/#breadcrumb"},"inLanguage":"fr-FR","potentialAction":[{"@type":"ReadAction","target":["https:\/\/www.jollyscarpe.com\/fr\/recherche-de-demarrage\/"]}]},{"@type":"BreadcrumbList","@id":"https:\/\/www.jollyscarpe.com\/fr\/recherche-de-demarrage\/#breadcrumb","itemListElement":[{"@type":"ListItem","position":1,"name":"Home \/ Prodotti","item":"https:\/\/www.jollyscarpe.com\/fr\/page-daccueil\/"},{"@type":"ListItem","position":2,"name":"Recherche de d\u00e9marrage"}]},{"@type":"WebSite","@id":"https:\/\/www.jollyscarpe.com\/fr\/#website","url":"https:\/\/www.jollyscarpe.com\/fr\/","name":"Jolly Scarpe","description":"Scarpe e calzature professionali antinfortunistiche","potentialAction":[{"@type":"SearchAction","target":{"@type":"EntryPoint","urlTemplate":"https:\/\/www.jollyscarpe.com\/fr\/?s={search_term_string}"},"query-input":{"@type":"PropertyValueSpecification","valueRequired":true,"valueName":"search_term_string"}}],"inLanguage":"fr-FR"}]}},"_links":{"self":[{"href":"https:\/\/www.jollyscarpe.com\/fr\/wp-json\/wp\/v2\/pages\/3117","targetHints":{"allow":["GET"]}}],"collection":[{"href":"https:\/\/www.jollyscarpe.com\/fr\/wp-json\/wp\/v2\/pages"}],"about":[{"href":"https:\/\/www.jollyscarpe.com\/fr\/wp-json\/wp\/v2\/types\/page"}],"author":[{"embeddable":true,"href":"https:\/\/www.jollyscarpe.com\/fr\/wp-json\/wp\/v2\/users\/1"}],"replies":[{"embeddable":true,"href":"https:\/\/www.jollyscarpe.com\/fr\/wp-json\/wp\/v2\/comments?post=3117"}],"version-history":[{"count":2,"href":"https:\/\/www.jollyscarpe.com\/fr\/wp-json\/wp\/v2\/pages\/3117\/revisions"}],"predecessor-version":[{"id":3119,"href":"https:\/\/www.jollyscarpe.com\/fr\/wp-json\/wp\/v2\/pages\/3117\/revisions\/3119"}],"wp:attachment":[{"href":"https:\/\/www.jollyscarpe.com\/fr\/wp-json\/wp\/v2\/media?parent=3117"}],"curies":[{"name":"wp","href":"https:\/\/api.w.org\/{rel}","templated":true}]}}