{"id":3128,"date":"2022-11-29T13:13:12","date_gmt":"2022-11-29T13:13:12","guid":{"rendered":"https:\/\/beta.jollyscarpe.com\/certifications\/"},"modified":"2024-06-05T14:03:55","modified_gmt":"2024-06-05T14:03:55","slug":"certifications","status":"publish","type":"page","link":"https:\/\/www.jollyscarpe.com\/fr\/certifications\/","title":{"rendered":"Certifications"},"content":{"rendered":"\n\n  <div class=\"banner has-hover has-parallax\" id=\"banner-871551183\">\n          <div class=\"banner-inner fill\">\n        <div class=\"banner-bg fill\" data-parallax=\"-5\" data-parallax-container=\".banner\" data-parallax-background>\n            <img loading=\"lazy\" decoding=\"async\" width=\"1920\" height=\"800\" src=\"https:\/\/www.jollyscarpe.com\/wp-content\/uploads\/2022\/11\/azienda_certificazioni01-1.jpg\" class=\"bg attachment-original size-original\" alt=\"\" \/>                        <div class=\"overlay\"><\/div>            \n                    <\/div>\n\t\t\n        <div class=\"banner-layers container\">\n            <div class=\"fill banner-link\"><\/div>            \n\n   <div id=\"text-box-1408407395\" class=\"text-box banner-layer x5 md-x5 lg-x5 y50 md-y50 lg-y50 res-text\">\n                                <div class=\"text-box-content text dark\">\n              \n              <div class=\"text-inner text-left\">\n                  \n\n<h2 class=\"uppercase\">Certifications<\/h2>\n<p class=\"uppercase\">Jolly Scarpe est organis\u00e9e pour r\u00e9pondre aux besoins des clients et fabriquer des produits de qualit\u00e9<\/p>\n\n              <\/div>\n           <\/div>\n                            \n<style>\n#text-box-1408407395 {\n  width: 60%;\n}\n#text-box-1408407395 .text-box-content {\n  font-size: 100%;\n}\n@media (min-width:550px) {\n  #text-box-1408407395 {\n    width: 40%;\n  }\n}\n<\/style>\n    <\/div>\n \n\n        <\/div>\n      <\/div>\n\n            \n<style>\n#banner-871551183 {\n  padding-top: 350px;\n}\n#banner-871551183 .overlay {\n  background-color: rgba(0, 0, 0, 0.36);\n}\n#banner-871551183 .banner-bg img {\n  object-position: 11% 76%;\n}\n<\/style>\n  <\/div>\n\n\n<div class=\"row\"  id=\"row-297586248\">\n\n\n\t<div id=\"col-1375075413\" class=\"col small-12 large-12\"  >\n\t\t\t\t<div class=\"col-inner\"  >\n\t\t\t\n\t\t\t\n\n<div class=\"is-divider divider clearfix\" style=\"height:1px;background-color:rgb(255, 45, 22);\"><\/div>\n\n<p><strong>L\u2019efficacit\u00e9 organisationnelle et les processus innovants sont deux caract\u00e9ristiques distinctives de Jolly.<\/strong><\/p>\n<p>Ces \u00e9l\u00e9ments favorisent l\u2019am\u00e9lioration de la qualit\u00e9 des processus internes \u00e0 l\u2019entreprise dans le but de satisfaire les fournisseurs et les clients, et de d\u00e9velopper un environnement positif pour les employ\u00e9s.<br>Jolly dispose d&rsquo;un code d&rsquo;\u00e9thique que l&rsquo;entreprise adopte aussi bien en interne que dans ses relations avec les tiers. En outre, ce r\u00e8glement d\u00e9finit comme principes essentiels la protection de l\u2019int\u00e9grit\u00e9 physique et morale des collaborateurs.<br>L\u2019entreprise est attentive \u00e0 l\u2019environnement ; c\u2019est pourquoi elle s\u2019engage \u00e0 \u00e9liminer ou \u00e0 minimiser les effets nocifs potentiels des activit\u00e9s exerc\u00e9es.<\/p>\n\n\n\t\t<\/div>\n\t\t\t\t\t<\/div>\n\n\t\n\n<\/div>\n<div class=\"row\"  id=\"row-2135709549\">\n\n\n\t<div id=\"col-1428188143\" class=\"col medium-6 small-12 large-6\"  >\n\t\t\t\t<div class=\"col-inner\"  >\n\t\t\t\n\t\t\t\n\n\n\t\t<div class=\"icon-box featured-box icon-box-left text-left\"  >\n\t\t\t\t\t<div class=\"icon-box-img\" style=\"width: 100px\">\n\t\t\t\t<div class=\"icon\">\n\t\t\t\t\t<div class=\"icon-inner\" >\n\t\t\t\t\t\t<img loading=\"lazy\" decoding=\"async\" width=\"152\" height=\"152\" src=\"https:\/\/www.jollyscarpe.com\/wp-content\/uploads\/2022\/11\/Raggruppa-791.jpg\" class=\"attachment-medium size-medium\" alt=\"\" srcset=\"https:\/\/www.jollyscarpe.com\/wp-content\/uploads\/2022\/11\/Raggruppa-791.jpg 152w, https:\/\/www.jollyscarpe.com\/wp-content\/uploads\/2022\/11\/Raggruppa-791-150x150.jpg 150w\" sizes=\"auto, (max-width: 152px) 100vw, 152px\" \/>\t\t\t\t\t<\/div>\n\t\t\t\t<\/div>\n\t\t\t<\/div>\n\t\t\t\t<div class=\"icon-box-text last-reset\">\n\t\t\t\t\t\t\t\t\t\n\n<h4>JOLLY<\/h4>\n<div class=\"is-divider divider clearfix\" style=\"height:1px;background-color:rgb(255, 45, 22);\"><\/div>\n\n<h3 class=\"uppercase\">ISO 9001 \u00ab\u00a0SYST\u00c8MES DE GESTION DE LA QUALIT\u00c9\u00a0\u00bb<\/h3>\n<p>Des normes qui garantissent la pr\u00e9sence de processus d\u2019entreprise efficaces et efficients dans la r\u00e9alisation de produits et la prestation de services.<\/p>\n<a href=\"\/wp-content\/uploads\/2022\/12\/1-JOLLY-ISO-9001-14001-2020-2023-IT.pdf\" target=\"_blank\" class=\"button primary is-link lowercase reveal-icon\" rel=\"noopener\" >\n\t\t<span>Voir le certificat<\/span>\n\t<i class=\"icon-angle-right\" aria-hidden=\"true\"><\/i><\/a>\n\n\n\n\t\t<\/div>\n\t<\/div>\n\t\n\t\n\n\t\t<\/div>\n\t\t\t\t\t<\/div>\n\n\t\n\n\t<div id=\"col-133226953\" class=\"col medium-6 small-12 large-6\"  >\n\t\t\t\t<div class=\"col-inner\"  >\n\t\t\t\n\t\t\t\n\n\n\t\t<div class=\"icon-box featured-box icon-box-left text-left\"  >\n\t\t\t\t\t<div class=\"icon-box-img\" style=\"width: 100px\">\n\t\t\t\t<div class=\"icon\">\n\t\t\t\t\t<div class=\"icon-inner\" >\n\t\t\t\t\t\t<img loading=\"lazy\" decoding=\"async\" width=\"152\" height=\"152\" src=\"https:\/\/www.jollyscarpe.com\/wp-content\/uploads\/2022\/11\/Raggruppa-792.jpg\" class=\"attachment-medium size-medium\" alt=\"\" srcset=\"https:\/\/www.jollyscarpe.com\/wp-content\/uploads\/2022\/11\/Raggruppa-792.jpg 152w, https:\/\/www.jollyscarpe.com\/wp-content\/uploads\/2022\/11\/Raggruppa-792-150x150.jpg 150w\" sizes=\"auto, (max-width: 152px) 100vw, 152px\" \/>\t\t\t\t\t<\/div>\n\t\t\t\t<\/div>\n\t\t\t<\/div>\n\t\t\t\t<div class=\"icon-box-text last-reset\">\n\t\t\t\t\t\t\t\t\t\n\n<h4 class=\"uppercase\">JOLLY<\/h4>\n<div class=\"is-divider divider clearfix\" style=\"height:1px;background-color:rgb(255, 45, 22);\"><\/div>\n\n<h3 class=\"uppercase\">ISO 14001 \u00ab\u00a0SYST\u00c8MES DE GESTION DE L\u2019ENVIRONNEMENT\u00a0\u00bb<\/h3>\n<p>Certification qui atteste de la pr\u00e9sence de proc\u00e9dures qui surveillent constamment l\u2019impact environnemental des activit\u00e9s effectu\u00e9es, afin de le minimiser.<\/p>\n<a href=\"\/wp-content\/uploads\/2022\/12\/1-JOLLY-ISO-9001-14001-2020-2023-IT.pdf\" target=\"_blank\" class=\"button primary is-link lowercase reveal-icon\" rel=\"noopener\" >\n\t\t<span>Voir le certificat<\/span>\n\t<i class=\"icon-angle-right\" aria-hidden=\"true\"><\/i><\/a>\n\n\n\n\t\t<\/div>\n\t<\/div>\n\t\n\t\n\n\t\t<\/div>\n\t\t\t\t\t<\/div>\n\n\t\n\n\t<div id=\"col-948148936\" class=\"col medium-6 small-12 large-6\"  >\n\t\t\t\t<div class=\"col-inner\"  >\n\t\t\t\n\t\t\t\n\n\n\t\t<div class=\"icon-box featured-box icon-box-left text-left\"  >\n\t\t\t\t\t<div class=\"icon-box-img\" style=\"width: 100px\">\n\t\t\t\t<div class=\"icon\">\n\t\t\t\t\t<div class=\"icon-inner\" >\n\t\t\t\t\t\t<img loading=\"lazy\" decoding=\"async\" width=\"152\" height=\"152\" src=\"https:\/\/www.jollyscarpe.com\/wp-content\/uploads\/2022\/11\/Raggruppa-793.jpg\" class=\"attachment-medium size-medium\" alt=\"\" srcset=\"https:\/\/www.jollyscarpe.com\/wp-content\/uploads\/2022\/11\/Raggruppa-793.jpg 152w, https:\/\/www.jollyscarpe.com\/wp-content\/uploads\/2022\/11\/Raggruppa-793-150x150.jpg 150w\" sizes=\"auto, (max-width: 152px) 100vw, 152px\" \/>\t\t\t\t\t<\/div>\n\t\t\t\t<\/div>\n\t\t\t<\/div>\n\t\t\t\t<div class=\"icon-box-text last-reset\">\n\t\t\t\t\t\t\t\t\t\n\n<h4 class=\"uppercase\">JOLLY<\/h4>\n<div class=\"is-divider divider clearfix\" style=\"height:1px;background-color:rgb(255, 45, 22);\"><\/div>\n\n<h3 class=\"uppercase\">\u00ab\u00a0CERTIFICATION \u00c9THIQUE \u2013 RESPONSABILIT\u00c9 SOCIALE\u00a0\u00bb<\/h3>\n<p>Norme internationale qui garantit le respect des conditions particuli\u00e8res des travailleurs par l\u2019entreprise : droits de l\u2019homme, formation et croissance, valorisation, etc.<\/p>\n<a href=\"\/wp-content\/uploads\/2024\/06\/JOLLY-SCARPE-ROMANIA-SRL-SA8000.pdf\" target=\"_blank\" class=\"button primary is-link lowercase reveal-icon\" rel=\"noopener\" >\n\t\t<span>Voir le certificat<\/span>\n\t<i class=\"icon-angle-right\" aria-hidden=\"true\"><\/i><\/a>\n\n\n\n\t\t<\/div>\n\t<\/div>\n\t\n\t\n\n\t\t<\/div>\n\t\t\t\t\t<\/div>\n\n\t\n\n\t<div id=\"col-1051063753\" class=\"col medium-6 small-12 large-6\"  >\n\t\t\t\t<div class=\"col-inner\"  >\n\t\t\t\n\t\t\t\n\n\n\t\t<div class=\"icon-box featured-box icon-box-left text-left\"  >\n\t\t\t\t\t<div class=\"icon-box-img\" style=\"width: 100px\">\n\t\t\t\t<div class=\"icon\">\n\t\t\t\t\t<div class=\"icon-inner\" >\n\t\t\t\t\t\t<img loading=\"lazy\" decoding=\"async\" width=\"152\" height=\"152\" src=\"https:\/\/www.jollyscarpe.com\/wp-content\/uploads\/2023\/01\/37001_certificazione.jpg\" class=\"attachment-medium size-medium\" alt=\"\" srcset=\"https:\/\/www.jollyscarpe.com\/wp-content\/uploads\/2023\/01\/37001_certificazione.jpg 152w, https:\/\/www.jollyscarpe.com\/wp-content\/uploads\/2023\/01\/37001_certificazione-150x150.jpg 150w\" sizes=\"auto, (max-width: 152px) 100vw, 152px\" \/>\t\t\t\t\t<\/div>\n\t\t\t\t<\/div>\n\t\t\t<\/div>\n\t\t\t\t<div class=\"icon-box-text last-reset\">\n\t\t\t\t\t\t\t\t\t\n\n<h4 class=\"uppercase\">JOLLY<\/h4>\n<div class=\"is-divider divider clearfix\" style=\"height:1px;background-color:rgb(255, 45, 22);\"><\/div>\n\n<h3 class=\"uppercase\">ISO 37001 \u00ab\u00a0Syst\u00e8mes de management anti-corruption\u00a0\u00bb<\/h3>\n<p>Il certifie l&rsquo;adoption de mesures visant \u00e0 pr\u00e9venir l&rsquo;apparition de ph\u00e9nom\u00e8nes de corruption. Celles-ci sont orient\u00e9es vers l&rsquo;am\u00e9lioration continue.<\/p>\n<a href=\"\/wp-content\/uploads\/2023\/01\/JOLLY-SCARPE-SPA-ISO-37001.pdf\" target=\"_blank\" class=\"button primary is-link lowercase reveal-icon\" rel=\"noopener\" >\n\t\t<span>Voir le certificat<\/span>\n\t<i class=\"icon-angle-right\" aria-hidden=\"true\"><\/i><\/a>\n\n\n\n\t\t<\/div>\n\t<\/div>\n\t\n\t\n\n\t\t<\/div>\n\t\t\t\t\t<\/div>\n\n\t\n\n\t<div id=\"col-408196175\" class=\"col medium-6 small-12 large-6\"  >\n\t\t\t\t<div class=\"col-inner\"  >\n\t\t\t\n\t\t\t\n\n\n\t\t<div class=\"icon-box featured-box icon-box-left text-left\"  >\n\t\t\t\t\t<div class=\"icon-box-img\" style=\"width: 100px\">\n\t\t\t\t<div class=\"icon\">\n\t\t\t\t\t<div class=\"icon-inner\" >\n\t\t\t\t\t\t<img loading=\"lazy\" decoding=\"async\" width=\"152\" height=\"152\" src=\"https:\/\/www.jollyscarpe.com\/wp-content\/uploads\/2022\/11\/Raggruppa-791.jpg\" class=\"attachment-medium size-medium\" alt=\"\" srcset=\"https:\/\/www.jollyscarpe.com\/wp-content\/uploads\/2022\/11\/Raggruppa-791.jpg 152w, https:\/\/www.jollyscarpe.com\/wp-content\/uploads\/2022\/11\/Raggruppa-791-150x150.jpg 150w\" sizes=\"auto, (max-width: 152px) 100vw, 152px\" \/>\t\t\t\t\t<\/div>\n\t\t\t\t<\/div>\n\t\t\t<\/div>\n\t\t\t\t<div class=\"icon-box-text last-reset\">\n\t\t\t\t\t\t\t\t\t\n\n<h4 class=\"uppercase\">Jolly Scarpe romania<\/h4>\n\n<div class=\"is-divider divider clearfix\" style=\"height:1px;background-color:rgb(255, 45, 22);\"><\/div>\n\n<h3 class=\"uppercase\">ISO 9001 \u00ab\u00a0SYST\u00c8MES DE GESTION DE LA QUALIT\u00c9\u00a0\u00bb<\/h3>\n<p>Des normes qui garantissent la pr\u00e9sence de processus d\u2019entreprise efficaces et efficients dans la r\u00e9alisation de produits et la prestation de services.<\/p>\n<a href=\"\/wp-content\/uploads\/2024\/06\/3-JOLLY-SCARPE-ROMANIA-ISO-9001-14001-2023-2026-IT.pdf\" target=\"_blank\" class=\"button primary is-link lowercase reveal-icon\" rel=\"noopener\" >\n\t\t<span>Voir le certificat<\/span>\n\t<i class=\"icon-angle-right\" aria-hidden=\"true\"><\/i><\/a>\n\n\n\n\t\t<\/div>\n\t<\/div>\n\t\n\t\n\n\t\t<\/div>\n\t\t\t\t\t<\/div>\n\n\t\n\n\t<div id=\"col-1423591494\" class=\"col medium-6 small-12 large-6\"  >\n\t\t\t\t<div class=\"col-inner\"  >\n\t\t\t\n\t\t\t\n\n\n\t\t<div class=\"icon-box featured-box icon-box-left text-left\"  >\n\t\t\t\t\t<div class=\"icon-box-img\" style=\"width: 100px\">\n\t\t\t\t<div class=\"icon\">\n\t\t\t\t\t<div class=\"icon-inner\" >\n\t\t\t\t\t\t<img loading=\"lazy\" decoding=\"async\" width=\"152\" height=\"152\" src=\"https:\/\/www.jollyscarpe.com\/wp-content\/uploads\/2022\/11\/Raggruppa-792.jpg\" class=\"attachment-medium size-medium\" alt=\"\" srcset=\"https:\/\/www.jollyscarpe.com\/wp-content\/uploads\/2022\/11\/Raggruppa-792.jpg 152w, https:\/\/www.jollyscarpe.com\/wp-content\/uploads\/2022\/11\/Raggruppa-792-150x150.jpg 150w\" sizes=\"auto, (max-width: 152px) 100vw, 152px\" \/>\t\t\t\t\t<\/div>\n\t\t\t\t<\/div>\n\t\t\t<\/div>\n\t\t\t\t<div class=\"icon-box-text last-reset\">\n\t\t\t\t\t\t\t\t\t\n\n<h4 class=\"uppercase\">Jolly Scarpe romania<\/h4>\n\n<div class=\"is-divider divider clearfix\" style=\"height:1px;background-color:rgb(255, 45, 22);\"><\/div>\n\n<h3 class=\"uppercase\">ISO 14001 \u00ab\u00a0SYST\u00c8MES DE GESTION DE L\u2019ENVIRONNEMENT\u00a0\u00bb<\/h3>\n<p>Certification qui atteste de la pr\u00e9sence de proc\u00e9dures qui surveillent constamment l\u2019impact environnemental des activit\u00e9s effectu\u00e9es, afin de le minimiser.<\/p>\n<a href=\"\/wp-content\/uploads\/2024\/06\/3-JOLLY-SCARPE-ROMANIA-ISO-9001-14001-2023-2026-IT.pdf\" target=\"_blank\" class=\"button primary is-link lowercase reveal-icon\" rel=\"noopener\" >\n\t\t<span>Voir le certificat<\/span>\n\t<i class=\"icon-angle-right\" aria-hidden=\"true\"><\/i><\/a>\n\n\n\n\t\t<\/div>\n\t<\/div>\n\t\n\t\n\n\t\t<\/div>\n\t\t\t\t\t<\/div>\n\n\t\n\n\t<div id=\"col-1548135566\" class=\"col medium-6 small-12 large-6\"  >\n\t\t\t\t<div class=\"col-inner\"  >\n\t\t\t\n\t\t\t\n\n\n\t\t<div class=\"icon-box featured-box icon-box-left text-left\"  >\n\t\t\t\t\t<div class=\"icon-box-img\" style=\"width: 100px\">\n\t\t\t\t<div class=\"icon\">\n\t\t\t\t\t<div class=\"icon-inner\" >\n\t\t\t\t\t\t<img loading=\"lazy\" decoding=\"async\" width=\"152\" height=\"152\" src=\"https:\/\/www.jollyscarpe.com\/wp-content\/uploads\/2022\/11\/Raggruppa-794.jpg\" class=\"attachment-medium size-medium\" alt=\"\" srcset=\"https:\/\/www.jollyscarpe.com\/wp-content\/uploads\/2022\/11\/Raggruppa-794.jpg 152w, https:\/\/www.jollyscarpe.com\/wp-content\/uploads\/2022\/11\/Raggruppa-794-150x150.jpg 150w\" sizes=\"auto, (max-width: 152px) 100vw, 152px\" \/>\t\t\t\t\t<\/div>\n\t\t\t\t<\/div>\n\t\t\t<\/div>\n\t\t\t\t<div class=\"icon-box-text last-reset\">\n\t\t\t\t\t\t\t\t\t\n\n<h4 class=\"uppercase\">Jolly Scarpe romania<\/h4>\n\n<div class=\"is-divider divider clearfix\" style=\"height:1px;background-color:rgb(255, 45, 22);\"><\/div>\n\n<h3 class=\"uppercase\">ISO 45001 \u00ab\u00a0SYST\u00c8MES DE MANAGEMENT DE LA SANT\u00c9 ET DE LA S\u00c9CURIT\u00c9 AU TRAVAIL\u00a0\u00bb<\/h3>\n<p>Elle \u00e9tablit un cadre pour am\u00e9liorer la s\u00e9curit\u00e9 au travail et le bien-\u00eatre des travailleurs.<\/p>\n<a href=\"\/wp-content\/uploads\/2024\/06\/JOLLY-SCARPE-ROMANIA-SRL-ISO-45001.pdf\" target=\"_blank\" class=\"button primary is-link lowercase reveal-icon\" rel=\"noopener\" >\n\t\t<span>Voir le certificat<\/span>\n\t<i class=\"icon-angle-right\" aria-hidden=\"true\"><\/i><\/a>\n\n\n\n\t\t<\/div>\n\t<\/div>\n\t\n\t\n\n\t\t<\/div>\n\t\t\t\t\t<\/div>\n\n\t\n\n\t<div id=\"col-2062033013\" class=\"col medium-6 small-12 large-6\"  >\n\t\t\t\t<div class=\"col-inner\"  >\n\t\t\t\n\t\t\t\n\n\n\t\t<div class=\"icon-box featured-box icon-box-left text-left\"  >\n\t\t\t\t\t<div class=\"icon-box-img\" style=\"width: 97px\">\n\t\t\t\t<div class=\"icon\">\n\t\t\t\t\t<div class=\"icon-inner\" >\n\t\t\t\t\t\t<img loading=\"lazy\" decoding=\"async\" width=\"239\" height=\"81\" src=\"https:\/\/www.jollyscarpe.com\/wp-content\/uploads\/2022\/11\/csm_STeP_21f9689b94.jpg\" class=\"attachment-medium size-medium\" alt=\"\" \/>\t\t\t\t\t<\/div>\n\t\t\t\t<\/div>\n\t\t\t<\/div>\n\t\t\t\t<div class=\"icon-box-text last-reset\">\n\t\t\t\t\t\t\t\t\t\n\n<h4 class=\"uppercase\">Jolly Scarpe romania<\/h4>\n\n<div class=\"is-divider divider clearfix\" style=\"height:1px;background-color:rgb(255, 45, 22);\"><\/div>\n\n<h3 class=\"uppercase\">STEP BY OEKOTEX \u00ab\u00a0CONFIDENCE IN TEXTILES\u00a0\u00bb<\/h3>\n<p>Cette certification atteste de conditions de production plus soutenables et permet d&rsquo;\u00e9valuer tous les secteurs de l&rsquo;entreprise pour ce qui concerne l&rsquo;utilisation de technologies et de produits respectueux de l&rsquo;environnement, l&rsquo;utilisation efficace des ressources et le respect des conditions de travail.<\/p>\n<a href=\"\/wp-content\/uploads\/2024\/06\/step-certificate-21002926-en-2023.pdf\" target=\"_blank\" class=\"button primary is-link lowercase reveal-icon\" rel=\"noopener\" >\n\t\t<span>Voir le certificat<\/span>\n\t<i class=\"icon-angle-right\" aria-hidden=\"true\"><\/i><\/a>\n\n\n\n\t\t<\/div>\n\t<\/div>\n\t\n\t\n\n\t\t<\/div>\n\t\t\t\t\t<\/div>\n\n\t\n\n\t<div id=\"col-922698242\" class=\"col medium-6 small-12 large-6\"  >\n\t\t\t\t<div class=\"col-inner\"  >\n\t\t\t\n\t\t\t\n\n\n\t\t<div class=\"icon-box featured-box icon-box-left text-left\"  >\n\t\t\t\t\t<div class=\"icon-box-img\" style=\"width: 100px\">\n\t\t\t\t<div class=\"icon\">\n\t\t\t\t\t<div class=\"icon-inner\" >\n\t\t\t\t\t\t<img loading=\"lazy\" decoding=\"async\" width=\"148\" height=\"197\" src=\"https:\/\/www.jollyscarpe.com\/wp-content\/uploads\/2022\/11\/Legalita-e-Profitto.jpg\" class=\"attachment-medium size-medium\" alt=\"\" \/>\t\t\t\t\t<\/div>\n\t\t\t\t<\/div>\n\t\t\t<\/div>\n\t\t\t\t<div class=\"icon-box-text last-reset\">\n\t\t\t\t\t\t\t\t\t\n\n<h3 class=\"uppercase\">PRIX DE LA L\u00c9GALIT\u00c9 ET DU PROFIT<\/h3>\n<p>\u00ab\u00a0L\u2019honn\u00eatet\u00e9 paie, et la r\u00e9compense le prouve\u00a0\u00bb<br>\nJolly Scarpe compte parmi les entreprises dot\u00e9es de la \u00ab notation de l\u00e9galit\u00e9 \u00bb Les experts de la NSA ont identifi\u00e9 Jolly parmi les entreprises les plus solides et les plus rentables du paysage italien.<\/p>\n<a href=\"\/wp-content\/uploads\/2022\/12\/economy_15_04.pdf\" target=\"_blank\" class=\"button primary is-link lowercase reveal-icon\" rel=\"noopener\" >\n\t\t<span>Voir le certificat<\/span>\n\t<i class=\"icon-angle-right\" aria-hidden=\"true\"><\/i><\/a>\n\n\n\n\t\t<\/div>\n\t<\/div>\n\t\n\t\n\n\t\t<\/div>\n\t\t\t\t\t<\/div>\n\n\t\n\n<\/div>\n\n","protected":false},"excerpt":{"rendered":"","protected":false},"author":1,"featured_media":0,"parent":0,"menu_order":0,"comment_status":"closed","ping_status":"closed","template":"page-blank.php","meta":{"_acf_changed":false,"footnotes":""},"class_list":["post-3128","page","type-page","status-publish","hentry"],"acf":[],"yoast_head":"<!-- This site is optimized with the Yoast SEO plugin v27.2 - https:\/\/yoast.com\/product\/yoast-seo-wordpress\/ -->\n<title>Certifications - Jolly Scarpe<\/title>\n<meta name=\"robots\" content=\"index, follow, max-snippet:-1, max-image-preview:large, max-video-preview:-1\" \/>\n<link rel=\"canonical\" href=\"https:\/\/www.jollyscarpe.com\/fr\/certifications\/\" \/>\n<meta property=\"og:locale\" content=\"fr_FR\" \/>\n<meta property=\"og:type\" content=\"article\" \/>\n<meta property=\"og:title\" content=\"Certifications - Jolly Scarpe\" \/>\n<meta property=\"og:url\" content=\"https:\/\/www.jollyscarpe.com\/fr\/certifications\/\" \/>\n<meta property=\"og:site_name\" content=\"Jolly Scarpe\" \/>\n<meta property=\"article:modified_time\" content=\"2024-06-05T14:03:55+00:00\" \/>\n<meta name=\"twitter:card\" content=\"summary_large_image\" \/>\n<meta name=\"twitter:label1\" content=\"Dur\u00e9e de lecture estim\u00e9e\" \/>\n\t<meta name=\"twitter:data1\" content=\"4 minutes\" \/>\n<script type=\"application\/ld+json\" class=\"yoast-schema-graph\">{\"@context\":\"https:\/\/schema.org\",\"@graph\":[{\"@type\":\"WebPage\",\"@id\":\"https:\/\/www.jollyscarpe.com\/fr\/certifications\/\",\"url\":\"https:\/\/www.jollyscarpe.com\/fr\/certifications\/\",\"name\":\"Certifications - Jolly Scarpe\",\"isPartOf\":{\"@id\":\"https:\/\/www.jollyscarpe.com\/fr\/#website\"},\"datePublished\":\"2022-11-29T13:13:12+00:00\",\"dateModified\":\"2024-06-05T14:03:55+00:00\",\"breadcrumb\":{\"@id\":\"https:\/\/www.jollyscarpe.com\/fr\/certifications\/#breadcrumb\"},\"inLanguage\":\"fr-FR\",\"potentialAction\":[{\"@type\":\"ReadAction\",\"target\":[\"https:\/\/www.jollyscarpe.com\/fr\/certifications\/\"]}]},{\"@type\":\"BreadcrumbList\",\"@id\":\"https:\/\/www.jollyscarpe.com\/fr\/certifications\/#breadcrumb\",\"itemListElement\":[{\"@type\":\"ListItem\",\"position\":1,\"name\":\"Home \/ Prodotti\",\"item\":\"https:\/\/www.jollyscarpe.com\/fr\/page-daccueil\/\"},{\"@type\":\"ListItem\",\"position\":2,\"name\":\"Certifications\"}]},{\"@type\":\"WebSite\",\"@id\":\"https:\/\/www.jollyscarpe.com\/fr\/#website\",\"url\":\"https:\/\/www.jollyscarpe.com\/fr\/\",\"name\":\"Jolly Scarpe\",\"description\":\"Scarpe e calzature professionali antinfortunistiche\",\"potentialAction\":[{\"@type\":\"SearchAction\",\"target\":{\"@type\":\"EntryPoint\",\"urlTemplate\":\"https:\/\/www.jollyscarpe.com\/fr\/?s={search_term_string}\"},\"query-input\":{\"@type\":\"PropertyValueSpecification\",\"valueRequired\":true,\"valueName\":\"search_term_string\"}}],\"inLanguage\":\"fr-FR\"}]}<\/script>\n<!-- \/ Yoast SEO plugin. -->","yoast_head_json":{"title":"Certifications - Jolly Scarpe","robots":{"index":"index","follow":"follow","max-snippet":"max-snippet:-1","max-image-preview":"max-image-preview:large","max-video-preview":"max-video-preview:-1"},"canonical":"https:\/\/www.jollyscarpe.com\/fr\/certifications\/","og_locale":"fr_FR","og_type":"article","og_title":"Certifications - Jolly Scarpe","og_url":"https:\/\/www.jollyscarpe.com\/fr\/certifications\/","og_site_name":"Jolly Scarpe","article_modified_time":"2024-06-05T14:03:55+00:00","twitter_card":"summary_large_image","twitter_misc":{"Dur\u00e9e de lecture estim\u00e9e":"4 minutes"},"schema":{"@context":"https:\/\/schema.org","@graph":[{"@type":"WebPage","@id":"https:\/\/www.jollyscarpe.com\/fr\/certifications\/","url":"https:\/\/www.jollyscarpe.com\/fr\/certifications\/","name":"Certifications - Jolly Scarpe","isPartOf":{"@id":"https:\/\/www.jollyscarpe.com\/fr\/#website"},"datePublished":"2022-11-29T13:13:12+00:00","dateModified":"2024-06-05T14:03:55+00:00","breadcrumb":{"@id":"https:\/\/www.jollyscarpe.com\/fr\/certifications\/#breadcrumb"},"inLanguage":"fr-FR","potentialAction":[{"@type":"ReadAction","target":["https:\/\/www.jollyscarpe.com\/fr\/certifications\/"]}]},{"@type":"BreadcrumbList","@id":"https:\/\/www.jollyscarpe.com\/fr\/certifications\/#breadcrumb","itemListElement":[{"@type":"ListItem","position":1,"name":"Home \/ Prodotti","item":"https:\/\/www.jollyscarpe.com\/fr\/page-daccueil\/"},{"@type":"ListItem","position":2,"name":"Certifications"}]},{"@type":"WebSite","@id":"https:\/\/www.jollyscarpe.com\/fr\/#website","url":"https:\/\/www.jollyscarpe.com\/fr\/","name":"Jolly Scarpe","description":"Scarpe e calzature professionali antinfortunistiche","potentialAction":[{"@type":"SearchAction","target":{"@type":"EntryPoint","urlTemplate":"https:\/\/www.jollyscarpe.com\/fr\/?s={search_term_string}"},"query-input":{"@type":"PropertyValueSpecification","valueRequired":true,"valueName":"search_term_string"}}],"inLanguage":"fr-FR"}]}},"_links":{"self":[{"href":"https:\/\/www.jollyscarpe.com\/fr\/wp-json\/wp\/v2\/pages\/3128","targetHints":{"allow":["GET"]}}],"collection":[{"href":"https:\/\/www.jollyscarpe.com\/fr\/wp-json\/wp\/v2\/pages"}],"about":[{"href":"https:\/\/www.jollyscarpe.com\/fr\/wp-json\/wp\/v2\/types\/page"}],"author":[{"embeddable":true,"href":"https:\/\/www.jollyscarpe.com\/fr\/wp-json\/wp\/v2\/users\/1"}],"replies":[{"embeddable":true,"href":"https:\/\/www.jollyscarpe.com\/fr\/wp-json\/wp\/v2\/comments?post=3128"}],"version-history":[{"count":8,"href":"https:\/\/www.jollyscarpe.com\/fr\/wp-json\/wp\/v2\/pages\/3128\/revisions"}],"predecessor-version":[{"id":9344,"href":"https:\/\/www.jollyscarpe.com\/fr\/wp-json\/wp\/v2\/pages\/3128\/revisions\/9344"}],"wp:attachment":[{"href":"https:\/\/www.jollyscarpe.com\/fr\/wp-json\/wp\/v2\/media?parent=3128"}],"curies":[{"name":"wp","href":"https:\/\/api.w.org\/{rel}","templated":true}]}}