{"id":3149,"date":"2022-11-30T10:38:40","date_gmt":"2022-11-30T10:38:40","guid":{"rendered":"https:\/\/beta.jollyscarpe.com\/heinen\/"},"modified":"2022-12-22T13:12:09","modified_gmt":"2022-12-22T13:12:09","slug":"heinen","status":"publish","type":"page","link":"https:\/\/www.jollyscarpe.com\/fr\/heinen\/","title":{"rendered":"Heinen"},"content":{"rendered":"\n\n  <div class=\"banner has-hover has-parallax\" id=\"banner-2049235565\">\n          <div class=\"banner-inner fill\">\n        <div class=\"banner-bg fill\" data-parallax=\"-5\" data-parallax-container=\".banner\" data-parallax-background>\n            <img loading=\"lazy\" decoding=\"async\" width=\"1921\" height=\"800\" src=\"https:\/\/www.jollyscarpe.com\/wp-content\/uploads\/2022\/11\/tecnologie_header01.jpg\" class=\"bg attachment-original size-original\" alt=\"\" \/>                        <div class=\"overlay\"><\/div>            \n                    <\/div>\n\t\t\n        <div class=\"banner-layers container\">\n            <div class=\"fill banner-link\"><\/div>            \n\n   <div id=\"text-box-898258980\" class=\"text-box banner-layer x10 md-x95 lg-x95 y50 md-y50 lg-y50 res-text\">\n                                <div class=\"text-box-content text dark\">\n              \n              <div class=\"text-inner text-left\">\n                  \n\n<h2 class=\"uppercase\">TECHNOLOGIES<\/h2>\n<p class=\"uppercase\">Les produits Jolly sont fabriqu\u00e9s avec les meilleures technologies<\/p>\n\n              <\/div>\n           <\/div>\n                            \n<style>\n#text-box-898258980 {\n  width: 60%;\n}\n#text-box-898258980 .text-box-content {\n  font-size: 100%;\n}\n@media (min-width:550px) {\n  #text-box-898258980 {\n    width: 40%;\n  }\n}\n<\/style>\n    <\/div>\n \n\n        <\/div>\n      <\/div>\n\n            \n<style>\n#banner-2049235565 {\n  padding-top: 350px;\n}\n#banner-2049235565 .overlay {\n  background-color: rgba(0, 0, 0, 0.36);\n}\n#banner-2049235565 .banner-bg img {\n  object-position: 9% 43%;\n}\n<\/style>\n  <\/div>\n\n\n\n\t<section class=\"section\" id=\"section_320738836\">\n\t\t<div class=\"section-bg fill\" >\n\t\t\t\t\t\t\t\t\t\n\t\t\t\n\n\t\t<\/div>\n\n\t\t\n\n\t\t<div class=\"section-content relative\">\n\t\t\t\n\n<div class=\"row\"  id=\"row-988818313\">\n\n\n\t<div id=\"col-1490877397\" class=\"col small-12 large-12\"  >\n\t\t\t\t<div class=\"col-inner text-right\"  >\n\t\t\t\n\t\t\t\n\n<a href=\"https:\/\/www.jollyscarpe.com\/tecnologie\/\" class=\"button primary lowercase reveal-icon\" >\n\t\t<span>Retour aux technologies<\/span>\n\t<i class=\"icon-angle-right\" aria-hidden=\"true\"><\/i><\/a>\n\n\n\n\t\t<\/div>\n\t\t\t\t\t<\/div>\n\n\t\n\n\t<div id=\"col-1976427758\" class=\"col small-12 large-12\"  >\n\t\t\t\t<div class=\"col-inner text-center\"  >\n\t\t\t\n\t\t\t\n\n\n\t\t<div class=\"icon-box featured-box icon-box-top text-left\"  >\n\t\t\t\t\t<div class=\"icon-box-img\" style=\"width: 300px\">\n\t\t\t\t<div class=\"icon\">\n\t\t\t\t\t<div class=\"icon-inner\" >\n\t\t\t\t\t\t<img loading=\"lazy\" decoding=\"async\" width=\"300\" height=\"138\" src=\"https:\/\/www.jollyscarpe.com\/wp-content\/uploads\/2022\/11\/heinen_img-300x138.png\" class=\"attachment-medium size-medium\" alt=\"\" srcset=\"https:\/\/www.jollyscarpe.com\/wp-content\/uploads\/2022\/11\/heinen_img-300x138.png 300w, https:\/\/www.jollyscarpe.com\/wp-content\/uploads\/2022\/11\/heinen_img.png 347w\" sizes=\"auto, (max-width: 300px) 100vw, 300px\" \/>\t\t\t\t\t<\/div>\n\t\t\t\t<\/div>\n\t\t\t<\/div>\n\t\t\t\t<div class=\"icon-box-text last-reset\">\n\t\t\t\t\t\t\t\t\t\n\n\t<div id=\"text-741637687\" class=\"text\">\n\t\t\n\n<h1>HEINEN LEATHER<\/h1>\n<h4>Production de cuirs de qualit\u00e9<\/h4>\n<h4> <\/h4>\n<p>Heinen fabrique des cuirs depuis 1891 : tout le cuir est hydrophobe et peut r\u00e9pondre \u00e0 toutes les exigences techniques pos\u00e9es sur les diff\u00e9rents types de sacs et de chaussures. Le cuir du produit naturel est fini par le tanneur et dot\u00e9 de diverses propri\u00e9t\u00e9s sp\u00e9cifiques. Le processus de fabrication est organis\u00e9 pour minimiser l\u2019impact sur l\u2019environnement.<\/p>\n\t\t\n<style>\n#text-741637687 {\n  text-align: center;\n}\n<\/style>\n\t<\/div>\n\t\n\n\t\t<\/div>\n\t<\/div>\n\t\n\t\n\n\t\t<\/div>\n\t\t\t\t\t<\/div>\n\n\t\n\n<\/div>\n\t<div class=\"img has-hover x md-x lg-x y md-y lg-y\" id=\"image_884910765\">\n\t\t\t\t\t\t\t\t<div class=\"img-inner dark\" >\n\t\t\t<img loading=\"lazy\" decoding=\"async\" width=\"1920\" height=\"650\" src=\"https:\/\/www.jollyscarpe.com\/wp-content\/uploads\/2022\/11\/heinen_img01.jpg\" class=\"attachment-original size-original\" alt=\"\" srcset=\"https:\/\/www.jollyscarpe.com\/wp-content\/uploads\/2022\/11\/heinen_img01.jpg 1920w, https:\/\/www.jollyscarpe.com\/wp-content\/uploads\/2022\/11\/heinen_img01-300x102.jpg 300w, https:\/\/www.jollyscarpe.com\/wp-content\/uploads\/2022\/11\/heinen_img01-1024x347.jpg 1024w, https:\/\/www.jollyscarpe.com\/wp-content\/uploads\/2022\/11\/heinen_img01-768x260.jpg 768w, https:\/\/www.jollyscarpe.com\/wp-content\/uploads\/2022\/11\/heinen_img01-1536x520.jpg 1536w\" sizes=\"auto, (max-width: 1920px) 100vw, 1920px\" \/>\t\t\t\t\t\t\n\t\t\t\t\t<\/div>\n\t\t\t\t\t\t\t\t\n<style>\n#image_884910765 {\n  width: 100%;\n}\n<\/style>\n\t<\/div>\n\t\n\n\n\t\t<\/div>\n\n\t\t\n<style>\n#section_320738836 {\n  padding-top: 0px;\n  padding-bottom: 0px;\n  background-color: rgb(245, 245, 245);\n}\n<\/style>\n\t<\/section>\n\t\n\n","protected":false},"excerpt":{"rendered":"","protected":false},"author":1,"featured_media":0,"parent":0,"menu_order":0,"comment_status":"closed","ping_status":"closed","template":"page-blank.php","meta":{"_acf_changed":false,"footnotes":""},"class_list":["post-3149","page","type-page","status-publish","hentry"],"acf":[],"yoast_head":"<!-- This site is optimized with the Yoast SEO plugin v27.2 - https:\/\/yoast.com\/product\/yoast-seo-wordpress\/ -->\n<title>Heinen - Jolly Scarpe<\/title>\n<meta name=\"robots\" content=\"index, follow, max-snippet:-1, max-image-preview:large, max-video-preview:-1\" \/>\n<link rel=\"canonical\" href=\"https:\/\/www.jollyscarpe.com\/fr\/heinen\/\" \/>\n<meta property=\"og:locale\" content=\"fr_FR\" \/>\n<meta property=\"og:type\" content=\"article\" \/>\n<meta property=\"og:title\" content=\"Heinen - Jolly Scarpe\" \/>\n<meta property=\"og:url\" content=\"https:\/\/www.jollyscarpe.com\/fr\/heinen\/\" \/>\n<meta property=\"og:site_name\" content=\"Jolly Scarpe\" \/>\n<meta property=\"article:modified_time\" content=\"2022-12-22T13:12:09+00:00\" \/>\n<meta name=\"twitter:card\" content=\"summary_large_image\" \/>\n<meta name=\"twitter:label1\" content=\"Dur\u00e9e de lecture estim\u00e9e\" \/>\n\t<meta name=\"twitter:data1\" content=\"1 minute\" \/>\n<script type=\"application\/ld+json\" class=\"yoast-schema-graph\">{\"@context\":\"https:\/\/schema.org\",\"@graph\":[{\"@type\":\"WebPage\",\"@id\":\"https:\/\/www.jollyscarpe.com\/fr\/heinen\/\",\"url\":\"https:\/\/www.jollyscarpe.com\/fr\/heinen\/\",\"name\":\"Heinen - Jolly Scarpe\",\"isPartOf\":{\"@id\":\"https:\/\/www.jollyscarpe.com\/fr\/#website\"},\"datePublished\":\"2022-11-30T10:38:40+00:00\",\"dateModified\":\"2022-12-22T13:12:09+00:00\",\"breadcrumb\":{\"@id\":\"https:\/\/www.jollyscarpe.com\/fr\/heinen\/#breadcrumb\"},\"inLanguage\":\"fr-FR\",\"potentialAction\":[{\"@type\":\"ReadAction\",\"target\":[\"https:\/\/www.jollyscarpe.com\/fr\/heinen\/\"]}]},{\"@type\":\"BreadcrumbList\",\"@id\":\"https:\/\/www.jollyscarpe.com\/fr\/heinen\/#breadcrumb\",\"itemListElement\":[{\"@type\":\"ListItem\",\"position\":1,\"name\":\"Home \/ Prodotti\",\"item\":\"https:\/\/www.jollyscarpe.com\/fr\/page-daccueil\/\"},{\"@type\":\"ListItem\",\"position\":2,\"name\":\"Heinen\"}]},{\"@type\":\"WebSite\",\"@id\":\"https:\/\/www.jollyscarpe.com\/fr\/#website\",\"url\":\"https:\/\/www.jollyscarpe.com\/fr\/\",\"name\":\"Jolly Scarpe\",\"description\":\"Scarpe e calzature professionali antinfortunistiche\",\"potentialAction\":[{\"@type\":\"SearchAction\",\"target\":{\"@type\":\"EntryPoint\",\"urlTemplate\":\"https:\/\/www.jollyscarpe.com\/fr\/?s={search_term_string}\"},\"query-input\":{\"@type\":\"PropertyValueSpecification\",\"valueRequired\":true,\"valueName\":\"search_term_string\"}}],\"inLanguage\":\"fr-FR\"}]}<\/script>\n<!-- \/ Yoast SEO plugin. -->","yoast_head_json":{"title":"Heinen - Jolly Scarpe","robots":{"index":"index","follow":"follow","max-snippet":"max-snippet:-1","max-image-preview":"max-image-preview:large","max-video-preview":"max-video-preview:-1"},"canonical":"https:\/\/www.jollyscarpe.com\/fr\/heinen\/","og_locale":"fr_FR","og_type":"article","og_title":"Heinen - Jolly Scarpe","og_url":"https:\/\/www.jollyscarpe.com\/fr\/heinen\/","og_site_name":"Jolly Scarpe","article_modified_time":"2022-12-22T13:12:09+00:00","twitter_card":"summary_large_image","twitter_misc":{"Dur\u00e9e de lecture estim\u00e9e":"1 minute"},"schema":{"@context":"https:\/\/schema.org","@graph":[{"@type":"WebPage","@id":"https:\/\/www.jollyscarpe.com\/fr\/heinen\/","url":"https:\/\/www.jollyscarpe.com\/fr\/heinen\/","name":"Heinen - Jolly Scarpe","isPartOf":{"@id":"https:\/\/www.jollyscarpe.com\/fr\/#website"},"datePublished":"2022-11-30T10:38:40+00:00","dateModified":"2022-12-22T13:12:09+00:00","breadcrumb":{"@id":"https:\/\/www.jollyscarpe.com\/fr\/heinen\/#breadcrumb"},"inLanguage":"fr-FR","potentialAction":[{"@type":"ReadAction","target":["https:\/\/www.jollyscarpe.com\/fr\/heinen\/"]}]},{"@type":"BreadcrumbList","@id":"https:\/\/www.jollyscarpe.com\/fr\/heinen\/#breadcrumb","itemListElement":[{"@type":"ListItem","position":1,"name":"Home \/ Prodotti","item":"https:\/\/www.jollyscarpe.com\/fr\/page-daccueil\/"},{"@type":"ListItem","position":2,"name":"Heinen"}]},{"@type":"WebSite","@id":"https:\/\/www.jollyscarpe.com\/fr\/#website","url":"https:\/\/www.jollyscarpe.com\/fr\/","name":"Jolly Scarpe","description":"Scarpe e calzature professionali antinfortunistiche","potentialAction":[{"@type":"SearchAction","target":{"@type":"EntryPoint","urlTemplate":"https:\/\/www.jollyscarpe.com\/fr\/?s={search_term_string}"},"query-input":{"@type":"PropertyValueSpecification","valueRequired":true,"valueName":"search_term_string"}}],"inLanguage":"fr-FR"}]}},"_links":{"self":[{"href":"https:\/\/www.jollyscarpe.com\/fr\/wp-json\/wp\/v2\/pages\/3149","targetHints":{"allow":["GET"]}}],"collection":[{"href":"https:\/\/www.jollyscarpe.com\/fr\/wp-json\/wp\/v2\/pages"}],"about":[{"href":"https:\/\/www.jollyscarpe.com\/fr\/wp-json\/wp\/v2\/types\/page"}],"author":[{"embeddable":true,"href":"https:\/\/www.jollyscarpe.com\/fr\/wp-json\/wp\/v2\/users\/1"}],"replies":[{"embeddable":true,"href":"https:\/\/www.jollyscarpe.com\/fr\/wp-json\/wp\/v2\/comments?post=3149"}],"version-history":[{"count":2,"href":"https:\/\/www.jollyscarpe.com\/fr\/wp-json\/wp\/v2\/pages\/3149\/revisions"}],"predecessor-version":[{"id":3151,"href":"https:\/\/www.jollyscarpe.com\/fr\/wp-json\/wp\/v2\/pages\/3149\/revisions\/3151"}],"wp:attachment":[{"href":"https:\/\/www.jollyscarpe.com\/fr\/wp-json\/wp\/v2\/media?parent=3149"}],"curies":[{"name":"wp","href":"https:\/\/api.w.org\/{rel}","templated":true}]}}