{"id":3155,"date":"2022-11-28T10:08:37","date_gmt":"2022-11-28T10:08:37","guid":{"rendered":"https:\/\/beta.jollyscarpe.com\/lhistoire\/"},"modified":"2024-06-05T14:34:48","modified_gmt":"2024-06-05T14:34:48","slug":"lhistoire","status":"publish","type":"page","link":"https:\/\/www.jollyscarpe.com\/fr\/lhistoire\/","title":{"rendered":"L\u2019histoire"},"content":{"rendered":"\n\n  <div class=\"banner has-hover has-parallax\" id=\"banner-1711932777\">\n          <div class=\"banner-inner fill\">\n        <div class=\"banner-bg fill\" data-parallax=\"-5\" data-parallax-container=\".banner\" data-parallax-background>\n            <img loading=\"lazy\" decoding=\"async\" width=\"1920\" height=\"800\" src=\"https:\/\/www.jollyscarpe.com\/wp-content\/uploads\/2024\/06\/azienda_storia-1.jpg\" class=\"bg attachment-original size-original\" alt=\"\" \/>                        <div class=\"overlay\"><\/div>            \n                    <\/div>\n\t\t\n        <div class=\"banner-layers container\">\n            <div class=\"fill banner-link\"><\/div>            \n\n   <div id=\"text-box-102440876\" class=\"text-box banner-layer x5 md-x5 lg-x5 y50 md-y50 lg-y50 res-text\">\n                                <div class=\"text-box-content text dark\">\n              \n              <div class=\"text-inner text-left\">\n                  \n\n<h2 class=\"uppercase\">L\u2019entreprise<\/h2>\n<p class=\"uppercase\">Une \u00e9volution constante vers de nouveaux objectifs.<\/p>\n\n              <\/div>\n           <\/div>\n                            \n<style>\n#text-box-102440876 {\n  width: 60%;\n}\n#text-box-102440876 .text-box-content {\n  font-size: 100%;\n}\n@media (min-width:550px) {\n  #text-box-102440876 {\n    width: 40%;\n  }\n}\n<\/style>\n    <\/div>\n \n\n        <\/div>\n      <\/div>\n\n            \n<style>\n#banner-1711932777 {\n  padding-top: 350px;\n}\n#banner-1711932777 .overlay {\n  background-color: rgba(0, 0, 0, 0.36);\n}\n#banner-1711932777 .banner-bg img {\n  object-position: 81% 100%;\n}\n<\/style>\n  <\/div>\n\n\n<div class=\"row align-middle\"  id=\"row-1823467554\">\n\n\n\t<div id=\"col-1050115208\" class=\"col medium-6 small-12 large-6\"  >\n\t\t\t\t<div class=\"col-inner\"  >\n\t\t\t\n\t\t\t\n\n\t<div class=\"img has-hover x md-x lg-x y md-y lg-y\" id=\"image_143042511\">\n\t\t\t\t\t\t\t\t<div class=\"img-inner image-zoom dark\" >\n\t\t\t<img loading=\"lazy\" decoding=\"async\" width=\"640\" height=\"486\" src=\"https:\/\/www.jollyscarpe.com\/wp-content\/uploads\/2022\/11\/1a-Sede-con-fabbrica-dal-1998.jpg\" class=\"attachment-large size-large\" alt=\"\" srcset=\"https:\/\/www.jollyscarpe.com\/wp-content\/uploads\/2022\/11\/1a-Sede-con-fabbrica-dal-1998.jpg 640w, https:\/\/www.jollyscarpe.com\/wp-content\/uploads\/2022\/11\/1a-Sede-con-fabbrica-dal-1998-300x228.jpg 300w\" sizes=\"auto, (max-width: 640px) 100vw, 640px\" \/>\t\t\t\t\t\t\n\t\t\t\t\t\t\t<div class=\"caption\">Sede e fabbrica Jolly dal 1998<\/div>\n\t\t\t\t\t<\/div>\n\t\t\t\t\t\t\t\t\n<style>\n#image_143042511 {\n  width: 100%;\n}\n<\/style>\n\t<\/div>\n\t\n\n\n\t\t<\/div>\n\t\t\t\t\t<\/div>\n\n\t\n\n\t<div id=\"col-1729558592\" class=\"col medium-6 small-12 large-6\"  >\n\t\t\t\t<div class=\"col-inner\"  >\n\t\t\t\n\t\t\t\n\n<h1 class=\"uppercase\">L\u2019histoire<\/h1>\n<div class=\"is-divider divider clearfix\" style=\"height:1px;background-color:rgb(255, 45, 22);\"><\/div>\n\n<p><strong>Jolly Scarpe Spa a \u00e9t\u00e9 cr\u00e9\u00e9e dans la r\u00e9gion de Montebelluna, dans la province de Tr\u00e9vise, \u00e0 environ 40 km de Venise.<\/strong><\/p>\n<p>Le quartier de la chaussure de Montebelluna est connu dans le monde entier comme un centre technique pour les chaussures de sport de haute technicit\u00e9. De nombreuses marques de renomm\u00e9e mondiale, telles que Nike et Salomon, y ont install\u00e9 leurs bureaux de recherche et de d\u00e9veloppement.<\/p>\n<p>Jolly Scarpe, fond\u00e9e en 1982 par la famille Zanatta, s&rsquo;est d&rsquo;abord sp\u00e9cialis\u00e9e dans la production de chaussures de sport (trekking et cyclisme) et de bottes de moto pour des marques prestigieuses telles que BMW\u00ae et Triumph\u00ae. Le milieu des ann\u00e9es 90 a vu la naissance de la ligne de chaussures de s\u00e9curit\u00e9 \u00ab JOLLY SAFETY FOOTWEAR\u00ae \u00bb : des produits marqu\u00e9s CE, certifi\u00e9s par des laboratoires accr\u00e9dit\u00e9s, fabriqu\u00e9s avec des mat\u00e9riaux hautement techniques combin\u00e9s \u00e0 des m\u00e9thodes de construction innovantes utilisant des doublures en Gore-Tex\u00ae : c&rsquo;est ainsi qu&rsquo;est n\u00e9e la nouvelle ligne de produits pour les forces de police et les pompiers.<\/p>\n\n\t\t<\/div>\n\t\t\t\t\t<\/div>\n\n\t\n\n<\/div>\n<div class=\"row\"  id=\"row-958446327\">\n\n\n\t<div id=\"col-298099452\" class=\"col medium-6 small-12 large-6\"  >\n\t\t\t\t<div class=\"col-inner\"  >\n\t\t\t\n\t\t\t\n\n<p>Jolly Scarpe, gr\u00e2ce \u00e0 un r\u00e9seau de revendeurs fid\u00e8les, fait conna\u00eetre ses chaussures et fournit de nombreuses entit\u00e9s en Italie et \u00e0 l&rsquo;\u00e9tranger. <strong>En 2007<\/strong> Jolly Scarpe a commenc\u00e9 \u00e0 participer \u00e0 des appels d&rsquo;offres nationaux pour des fournitures destin\u00e9es au minist\u00e8re de l&rsquo;Int\u00e9rieur &#8211; d\u00e9partement des pompiers, en fournissant, \u00e0 ce jour, 220 000 paires de bottes d&rsquo;intervention pour les pompiers et au d\u00e9partement de la s\u00e9curit\u00e9 publique en fournissant, \u00e0 ce jour, 75 000 paires de bottes pour les voitures motoris\u00e9es.<\/p>\n<p><strong>En 2006, Jolly Scarpe a int\u00e9gr\u00e9 le groupe Novation SPA,<\/strong> leader dans les secteurs industriels techniques (transformation du plastique, du carbone et des m\u00e9taux) pour les secteurs de l&rsquo;automobile, du sport et de la s\u00e9curit\u00e9.<\/p>\n<p><strong>En 2013,<\/strong> Jolly Scarpe, dans le but d&rsquo;\u00e9largir son march\u00e9, <strong>a acquis la marque Cosmas,<\/strong> une entreprise sp\u00e9cialis\u00e9e dans les chaussures de s\u00e9curit\u00e9 professionnelle, des forces arm\u00e9es et de la d\u00e9fense. <strong>L&rsquo;entreprise et la marque Cosmas ont \u00e9t\u00e9 cr\u00e9\u00e9es en 1971 \u00e0 Maser, dans la r\u00e9gion de Montebelluna.<\/strong> Au d\u00e9part, l&rsquo;entreprise s&rsquo;est distingu\u00e9e par la production de chaussures de trekking et d&rsquo;ext\u00e9rieur de haute qualit\u00e9 et, \u00e0 partir de 1990, elle s&rsquo;est sp\u00e9cialis\u00e9e dans la production de D.P.I., <strong>devenant ainsi un point de r\u00e9f\u00e9rence et une marque de premier plan pour les chaussures de haute technologie destin\u00e9es aux forces militaires et de d\u00e9fense.<\/strong><\/p>\n<p>Jolly Scarpe se lance ainsi dans la production et la commercialisation de chaussures militaires gr\u00e2ce au savoir-faire et \u00e0 l&rsquo;exp\u00e9rience de Cosmas, qui a fourni au Comando Generale dei Carabinieri plus de 200 000 paires au cours des dix derni\u00e8res ann\u00e9es.<\/p>\n<p>Cosmas est reconnu comme fournisseur officiel de nombreuses forces sp\u00e9ciales du minist\u00e8re italien de la d\u00e9fense ; la recherche constante de nouveaux mat\u00e9riaux et le d\u00e9veloppement de produits innovants conduisent \u00e0 la cr\u00e9ation de nouveaux mod\u00e8les dont les performances sont adapt\u00e9es \u00e0 chaque force sp\u00e9ciale.<\/p>\n\t<div class=\"img has-hover x md-x lg-x y md-y lg-y\" id=\"image_761504789\">\n\t\t\t\t\t\t\t\t<div class=\"img-inner image-zoom dark\" >\n\t\t\t<img loading=\"lazy\" decoding=\"async\" width=\"640\" height=\"486\" src=\"https:\/\/www.jollyscarpe.com\/wp-content\/uploads\/2022\/11\/DSC08862_01.jpg\" class=\"attachment-original size-original\" alt=\"\" srcset=\"https:\/\/www.jollyscarpe.com\/wp-content\/uploads\/2022\/11\/DSC08862_01.jpg 640w, https:\/\/www.jollyscarpe.com\/wp-content\/uploads\/2022\/11\/DSC08862_01-300x228.jpg 300w\" sizes=\"auto, (max-width: 640px) 100vw, 640px\" \/>\t\t\t\t\t\t\n\t\t\t\t\t\t\t<div class=\"caption\">sede Jolly - Montebelluna<\/div>\n\t\t\t\t\t<\/div>\n\t\t\t\t\t\t\t\t\n<style>\n#image_761504789 {\n  width: 100%;\n}\n<\/style>\n\t<\/div>\n\t\n\n<p> <\/p>\n<p><strong>Aujourd\u2019hui, Jolly Scarpe Spa, avec ses marques Jolly et Cosmas, offre la collection de chaussures professionnelles la plus \u00e9tendue et la plus compl\u00e8te en Europe.<\/strong><\/p>\n<p>Le niveau de qualit\u00e9 \u00e9lev\u00e9 de nos produits, le service de livraison efficace et le service apr\u00e8s-vente rapide sont les points forts gr\u00e2ce auxquels Jolly Scarpe est consid\u00e9r\u00e9 comme un fournisseur tr\u00e8s fiable dans le monde entier.<\/p>\n\n\t\t<\/div>\n\t\t\t\t\t<\/div>\n\n\t\n\n\t<div id=\"col-991945196\" class=\"col medium-6 small-12 large-6\"  >\n\t\t\t\t<div class=\"col-inner\"  >\n\t\t\t\n\t\t\t\n\n\t<div class=\"img has-hover x md-x lg-x y md-y lg-y\" id=\"image_749692491\">\n\t\t\t\t\t\t\t\t<div class=\"img-inner image-zoom dark\" >\n\t\t\t<img loading=\"lazy\" decoding=\"async\" width=\"640\" height=\"565\" src=\"https:\/\/www.jollyscarpe.com\/wp-content\/uploads\/2022\/11\/2a-Sede-dal-2005.jpg\" class=\"attachment-original size-original\" alt=\"\" srcset=\"https:\/\/www.jollyscarpe.com\/wp-content\/uploads\/2022\/11\/2a-Sede-dal-2005.jpg 640w, https:\/\/www.jollyscarpe.com\/wp-content\/uploads\/2022\/11\/2a-Sede-dal-2005-300x265.jpg 300w\" sizes=\"auto, (max-width: 640px) 100vw, 640px\" \/>\t\t\t\t\t\t\n\t\t\t\t\t\t\t<div class=\"caption\">Sede Jolly dal 2005<\/div>\n\t\t\t\t\t<\/div>\n\t\t\t\t\t\t\t\t\n<style>\n#image_749692491 {\n  width: 100%;\n}\n<\/style>\n\t<\/div>\n\t\n\n<p> <\/p>\n<p><strong>En 2016, Jolly Scarpe S.p.A. a \u00e9t\u00e9 rachet\u00e9e par Minerva S.A.,<\/strong> un fabricant de chaussures suisse fond\u00e9 en 1908 et d\u00e9tenu par la famille Aerni depuis 1945. C&rsquo;est ainsi qu&rsquo;est n\u00e9 le groupe Minerva, qui comprend Minerva S.A. en Suisse, Jolly Scarpe Spa en Italie et Jolly Scarpe Romania Srl, une unit\u00e9 de production de plus de 5 000 m<sup>2<\/sup>.<\/p>\n<p><strong>En f\u00e9vrier 2024, Jolly Scarpe Spa et Jolly Scarpe Romania Srl ont \u00e9t\u00e9 rachet\u00e9es par la soci\u00e9t\u00e9 am\u00e9ricaine Lakeland Industries,<\/strong> sp\u00e9cialis\u00e9e dans la production de v\u00eatements de travail de s\u00e9curit\u00e9, offrant une vaste gamme de produits destin\u00e9s aux pompiers et \u00e0 la s\u00e9curit\u00e9 au travail.<\/p>\n<p>Lakeland est un leader mondial dans la production de v\u00eatements de protection destin\u00e9s \u00e0 am\u00e9liorer la qualit\u00e9 de la s\u00e9curit\u00e9 de la main-d&rsquo;\u0153uvre industrielle, notamment dans les secteurs de l&rsquo;\u00e9lectricit\u00e9 et du gaz, de la p\u00e9trochimie, des sites de d\u00e9chets dangereux, de la manipulation de produits chimiques, des salles blanches, des services de lutte contre l&rsquo;incendie et des \u00e9quipes routi\u00e8res.<\/p>\n<p>Forte de ses 40 ans d&rsquo;exp\u00e9rience dans le domaine des v\u00eatements de travail de haute performance, Lakeland est aux c\u00f4t\u00e9s de ses clients pour offrir aux employ\u00e9s l&rsquo;environnement de travail le plus s\u00fbr possible.<\/p>\n<p>Les entreprises suivantes font partie de la grande famille Lakeland : Eagle Technical Products Ltd, Pacific Helmets NZ Ltd, Jolly Scarpe Spa, Jolly Scarpe Romania SrL et <strong>LHD Group Deutschland GmbH. <\/strong><\/p>\n<p>La mission de Jolly Scarpe a toujours \u00e9t\u00e9 de produire des chaussures de haute technologie et nous pensons que pour continuer \u00e0 cro\u00eetre, il est n\u00e9cessaire d&rsquo;investir dans le d\u00e9veloppement de produits innovants utilisant des mat\u00e9riaux de haute technologie afin d&rsquo;offrir les param\u00e8tres de s\u00e9curit\u00e9 les plus \u00e9lev\u00e9s dans le respect des normes r\u00e9glementaires.<\/p>\n\n\t\t<\/div>\n\t\t\t\t\t<\/div>\n\n\t\n\n<\/div>\n<div class=\"row\"  id=\"row-930313670\">\n\n\n\t<div id=\"col-1378520180\" class=\"col small-12 large-12\"  >\n\t\t\t\t<div class=\"col-inner\"  >\n\t\t\t\n\t\t\t\n\n<p class=\"lead\" style=\"text-align: left;\">Les mod\u00e8les de la marque Jolly habillent les pieds des op\u00e9rateurs des forces <strong>de police,<\/strong> locales et nationales, des <strong>pompiers<\/strong>, de nombreuses <strong>organisations de secours et des services publics polyvalents, <\/strong> tant sur le march\u00e9 italien qu&rsquo;\u00e9tranger, distribuant son produit sur tous les continents gr\u00e2ce \u00e0 la collaboration de partenaires locaux.<br>Les chaussures de la marque Cosmas conviennent aux pieds des <strong>forces arm\u00e9es italiennes et \u00e9trang\u00e8res,<\/strong> avec des mod\u00e8les sp\u00e9cialement con\u00e7us pour les diff\u00e9rents d\u00e9partements de la <strong>d\u00e9fense militaire.<\/strong><\/p>\n\t<div id=\"gap-914843239\" class=\"gap-element clearfix\" style=\"display:block; height:auto;\">\n\t\t\n<style>\n#gap-914843239 {\n  padding-top: 30px;\n}\n<\/style>\n\t<\/div>\n\t\n\n\t<div class=\"img has-hover x md-x lg-x y md-y lg-y\" id=\"image_2113983374\">\n\t\t\t\t\t\t\t\t<div class=\"img-inner image-zoom dark\" >\n\t\t\t<img loading=\"lazy\" decoding=\"async\" width=\"1280\" height=\"708\" src=\"https:\/\/www.jollyscarpe.com\/wp-content\/uploads\/2023\/11\/azienda_bodany.jpg\" class=\"attachment-original size-original\" alt=\"Jolly Scarpe Romania srl\" srcset=\"https:\/\/www.jollyscarpe.com\/wp-content\/uploads\/2023\/11\/azienda_bodany.jpg 1280w, https:\/\/www.jollyscarpe.com\/wp-content\/uploads\/2023\/11\/azienda_bodany-300x166.jpg 300w, https:\/\/www.jollyscarpe.com\/wp-content\/uploads\/2023\/11\/azienda_bodany-1024x566.jpg 1024w, https:\/\/www.jollyscarpe.com\/wp-content\/uploads\/2023\/11\/azienda_bodany-768x425.jpg 768w\" sizes=\"auto, (max-width: 1280px) 100vw, 1280px\" \/>\t\t\t\t\t\t\n\t\t\t\t\t\t\t<div class=\"caption\">Jolly Scarpe Romania srl<\/div>\n\t\t\t\t\t<\/div>\n\t\t\t\t\t\t\t\t\n<style>\n#image_2113983374 {\n  width: 100%;\n}\n<\/style>\n\t<\/div>\n\t\n\n\n\t\t<\/div>\n\t\t\t\t\t<\/div>\n\n\t\n\n<\/div>\n\n","protected":false},"excerpt":{"rendered":"","protected":false},"author":1,"featured_media":0,"parent":0,"menu_order":0,"comment_status":"closed","ping_status":"closed","template":"page-blank.php","meta":{"_acf_changed":false,"footnotes":""},"class_list":["post-3155","page","type-page","status-publish","hentry"],"acf":[],"yoast_head":"<!-- This site is optimized with the Yoast SEO plugin v27.2 - https:\/\/yoast.com\/product\/yoast-seo-wordpress\/ -->\n<title>L\u2019histoire - Jolly Scarpe<\/title>\n<meta name=\"robots\" content=\"index, follow, max-snippet:-1, max-image-preview:large, max-video-preview:-1\" \/>\n<link rel=\"canonical\" href=\"https:\/\/www.jollyscarpe.com\/fr\/lhistoire\/\" \/>\n<meta property=\"og:locale\" content=\"fr_FR\" \/>\n<meta property=\"og:type\" content=\"article\" \/>\n<meta property=\"og:title\" content=\"L\u2019histoire - Jolly Scarpe\" \/>\n<meta property=\"og:url\" content=\"https:\/\/www.jollyscarpe.com\/fr\/lhistoire\/\" \/>\n<meta property=\"og:site_name\" content=\"Jolly Scarpe\" \/>\n<meta property=\"article:modified_time\" content=\"2024-06-05T14:34:48+00:00\" \/>\n<meta name=\"twitter:card\" content=\"summary_large_image\" \/>\n<meta name=\"twitter:label1\" content=\"Dur\u00e9e de lecture estim\u00e9e\" \/>\n\t<meta name=\"twitter:data1\" content=\"6 minutes\" \/>\n<script type=\"application\/ld+json\" class=\"yoast-schema-graph\">{\"@context\":\"https:\/\/schema.org\",\"@graph\":[{\"@type\":\"WebPage\",\"@id\":\"https:\/\/www.jollyscarpe.com\/fr\/lhistoire\/\",\"url\":\"https:\/\/www.jollyscarpe.com\/fr\/lhistoire\/\",\"name\":\"L\u2019histoire - Jolly Scarpe\",\"isPartOf\":{\"@id\":\"https:\/\/www.jollyscarpe.com\/fr\/#website\"},\"datePublished\":\"2022-11-28T10:08:37+00:00\",\"dateModified\":\"2024-06-05T14:34:48+00:00\",\"breadcrumb\":{\"@id\":\"https:\/\/www.jollyscarpe.com\/fr\/lhistoire\/#breadcrumb\"},\"inLanguage\":\"fr-FR\",\"potentialAction\":[{\"@type\":\"ReadAction\",\"target\":[\"https:\/\/www.jollyscarpe.com\/fr\/lhistoire\/\"]}]},{\"@type\":\"BreadcrumbList\",\"@id\":\"https:\/\/www.jollyscarpe.com\/fr\/lhistoire\/#breadcrumb\",\"itemListElement\":[{\"@type\":\"ListItem\",\"position\":1,\"name\":\"Home \/ Prodotti\",\"item\":\"https:\/\/www.jollyscarpe.com\/fr\/page-daccueil\/\"},{\"@type\":\"ListItem\",\"position\":2,\"name\":\"L\u2019histoire\"}]},{\"@type\":\"WebSite\",\"@id\":\"https:\/\/www.jollyscarpe.com\/fr\/#website\",\"url\":\"https:\/\/www.jollyscarpe.com\/fr\/\",\"name\":\"Jolly Scarpe\",\"description\":\"Scarpe e calzature professionali antinfortunistiche\",\"potentialAction\":[{\"@type\":\"SearchAction\",\"target\":{\"@type\":\"EntryPoint\",\"urlTemplate\":\"https:\/\/www.jollyscarpe.com\/fr\/?s={search_term_string}\"},\"query-input\":{\"@type\":\"PropertyValueSpecification\",\"valueRequired\":true,\"valueName\":\"search_term_string\"}}],\"inLanguage\":\"fr-FR\"}]}<\/script>\n<!-- \/ Yoast SEO plugin. -->","yoast_head_json":{"title":"L\u2019histoire - Jolly Scarpe","robots":{"index":"index","follow":"follow","max-snippet":"max-snippet:-1","max-image-preview":"max-image-preview:large","max-video-preview":"max-video-preview:-1"},"canonical":"https:\/\/www.jollyscarpe.com\/fr\/lhistoire\/","og_locale":"fr_FR","og_type":"article","og_title":"L\u2019histoire - Jolly Scarpe","og_url":"https:\/\/www.jollyscarpe.com\/fr\/lhistoire\/","og_site_name":"Jolly Scarpe","article_modified_time":"2024-06-05T14:34:48+00:00","twitter_card":"summary_large_image","twitter_misc":{"Dur\u00e9e de lecture estim\u00e9e":"6 minutes"},"schema":{"@context":"https:\/\/schema.org","@graph":[{"@type":"WebPage","@id":"https:\/\/www.jollyscarpe.com\/fr\/lhistoire\/","url":"https:\/\/www.jollyscarpe.com\/fr\/lhistoire\/","name":"L\u2019histoire - Jolly Scarpe","isPartOf":{"@id":"https:\/\/www.jollyscarpe.com\/fr\/#website"},"datePublished":"2022-11-28T10:08:37+00:00","dateModified":"2024-06-05T14:34:48+00:00","breadcrumb":{"@id":"https:\/\/www.jollyscarpe.com\/fr\/lhistoire\/#breadcrumb"},"inLanguage":"fr-FR","potentialAction":[{"@type":"ReadAction","target":["https:\/\/www.jollyscarpe.com\/fr\/lhistoire\/"]}]},{"@type":"BreadcrumbList","@id":"https:\/\/www.jollyscarpe.com\/fr\/lhistoire\/#breadcrumb","itemListElement":[{"@type":"ListItem","position":1,"name":"Home \/ Prodotti","item":"https:\/\/www.jollyscarpe.com\/fr\/page-daccueil\/"},{"@type":"ListItem","position":2,"name":"L\u2019histoire"}]},{"@type":"WebSite","@id":"https:\/\/www.jollyscarpe.com\/fr\/#website","url":"https:\/\/www.jollyscarpe.com\/fr\/","name":"Jolly Scarpe","description":"Scarpe e calzature professionali antinfortunistiche","potentialAction":[{"@type":"SearchAction","target":{"@type":"EntryPoint","urlTemplate":"https:\/\/www.jollyscarpe.com\/fr\/?s={search_term_string}"},"query-input":{"@type":"PropertyValueSpecification","valueRequired":true,"valueName":"search_term_string"}}],"inLanguage":"fr-FR"}]}},"_links":{"self":[{"href":"https:\/\/www.jollyscarpe.com\/fr\/wp-json\/wp\/v2\/pages\/3155","targetHints":{"allow":["GET"]}}],"collection":[{"href":"https:\/\/www.jollyscarpe.com\/fr\/wp-json\/wp\/v2\/pages"}],"about":[{"href":"https:\/\/www.jollyscarpe.com\/fr\/wp-json\/wp\/v2\/types\/page"}],"author":[{"embeddable":true,"href":"https:\/\/www.jollyscarpe.com\/fr\/wp-json\/wp\/v2\/users\/1"}],"replies":[{"embeddable":true,"href":"https:\/\/www.jollyscarpe.com\/fr\/wp-json\/wp\/v2\/comments?post=3155"}],"version-history":[{"count":11,"href":"https:\/\/www.jollyscarpe.com\/fr\/wp-json\/wp\/v2\/pages\/3155\/revisions"}],"predecessor-version":[{"id":9350,"href":"https:\/\/www.jollyscarpe.com\/fr\/wp-json\/wp\/v2\/pages\/3155\/revisions\/9350"}],"wp:attachment":[{"href":"https:\/\/www.jollyscarpe.com\/fr\/wp-json\/wp\/v2\/media?parent=3155"}],"curies":[{"name":"wp","href":"https:\/\/api.w.org\/{rel}","templated":true}]}}