{"id":3161,"date":"2022-11-29T13:51:05","date_gmt":"2022-11-29T13:51:05","guid":{"rendered":"https:\/\/beta.jollyscarpe.com\/made-in-europe\/"},"modified":"2023-11-28T10:09:55","modified_gmt":"2023-11-28T10:09:55","slug":"made-in-europe","status":"publish","type":"page","link":"https:\/\/www.jollyscarpe.com\/fr\/made-in-europe\/","title":{"rendered":"Made in Europe"},"content":{"rendered":"\n\n  <div class=\"banner has-hover has-parallax\" id=\"banner-1999532837\">\n          <div class=\"banner-inner fill\">\n        <div class=\"banner-bg fill\" data-parallax=\"-5\" data-parallax-container=\".banner\" data-parallax-background>\n            <img loading=\"lazy\" decoding=\"async\" width=\"1920\" height=\"800\" src=\"https:\/\/www.jollyscarpe.com\/wp-content\/uploads\/2022\/11\/azienda_madeeurope01.jpg\" class=\"bg attachment-original size-original\" alt=\"\" \/>                        <div class=\"overlay\"><\/div>            \n                    <\/div>\n\t\t\n        <div class=\"banner-layers container\">\n            <div class=\"fill banner-link\"><\/div>            \n\n   <div id=\"text-box-1032779104\" class=\"text-box banner-layer x5 md-x5 lg-x5 y50 md-y50 lg-y50 res-text\">\n                                <div class=\"text-box-content text dark\">\n              \n              <div class=\"text-inner text-left\">\n                  \n\n<h2 class=\"uppercase\">MADE in EUROPE<br>\n<\/h2>\n<p class=\"uppercase\">\u00ab Made in Europe \u00bb est synonyme d\u2019\u00e9galit\u00e9 des chances, de formation et de valorisation, ainsi que de durabilit\u00e9 et de responsabilit\u00e9 d\u2019entreprise.<\/p>\n\n              <\/div>\n           <\/div>\n                            \n<style>\n#text-box-1032779104 {\n  width: 60%;\n}\n#text-box-1032779104 .text-box-content {\n  font-size: 100%;\n}\n@media (min-width:550px) {\n  #text-box-1032779104 {\n    width: 40%;\n  }\n}\n<\/style>\n    <\/div>\n \n\n        <\/div>\n      <\/div>\n\n            \n<style>\n#banner-1999532837 {\n  padding-top: 350px;\n}\n#banner-1999532837 .overlay {\n  background-color: rgba(0, 0, 0, 0.36);\n}\n#banner-1999532837 .banner-bg img {\n  object-position: 0% 71%;\n}\n<\/style>\n  <\/div>\n\n\n<div class=\"row\"  id=\"row-1976817216\">\n\n\n\t<div id=\"col-347900590\" class=\"col small-12 large-12\"  >\n\t\t\t\t<div class=\"col-inner\"  >\n\t\t\t\n\t\t\t\n\n<div class=\"is-divider divider clearfix\" style=\"height:1px;background-color:rgb(255, 45, 22);\"><\/div>\n\n<p><strong>Jolly Scarpe S.p.a. est 100 % made in Europe.<\/strong><\/p>\n<p>Les chaussures Jolly sont enti\u00e8rement fabriqu\u00e9es en Europe. Pour l\u2019entreprise, made in Europe, ce n\u2019est pas une simple affirmation mais un concept qui exprime plus de significations : qualit\u00e9, s\u00e9curit\u00e9 et appartenance. Toutes les usines Jolly sont situ\u00e9es en Europe. Chaque d\u00e9tail des mod\u00e8les propos\u00e9s sur le march\u00e9 est con\u00e7u et r\u00e9alis\u00e9 selon les normes les plus \u00e9lev\u00e9es.<\/p>\n<p>L\u2019Europe est un continent, un territoire physique et un ensemble de valeurs et de principes. Made in Europe signifie \u00e9galement le partage de ces principes qui ont caract\u00e9ris\u00e9 l\u2019histoire de la culture europ\u00e9enne.<\/p>\n\t<div class=\"img has-hover x md-x lg-x y md-y lg-y\" id=\"image_918085665\">\n\t\t\t\t\t\t\t\t<div class=\"img-inner dark\" >\n\t\t\t<img loading=\"lazy\" decoding=\"async\" width=\"1280\" height=\"708\" src=\"https:\/\/www.jollyscarpe.com\/wp-content\/uploads\/2023\/11\/azienda_bodany.jpg\" class=\"attachment-original size-original\" alt=\"Jolly Scarpe Romania srl\" srcset=\"https:\/\/www.jollyscarpe.com\/wp-content\/uploads\/2023\/11\/azienda_bodany.jpg 1280w, https:\/\/www.jollyscarpe.com\/wp-content\/uploads\/2023\/11\/azienda_bodany-300x166.jpg 300w, https:\/\/www.jollyscarpe.com\/wp-content\/uploads\/2023\/11\/azienda_bodany-1024x566.jpg 1024w, https:\/\/www.jollyscarpe.com\/wp-content\/uploads\/2023\/11\/azienda_bodany-768x425.jpg 768w\" sizes=\"auto, (max-width: 1280px) 100vw, 1280px\" \/>\t\t\t\t\t\t\n\t\t\t\t\t\t\t<div class=\"caption\">Jolly Scarpe Romania srl<\/div>\n\t\t\t\t\t<\/div>\n\t\t\t\t\t\t\t\t\n<style>\n#image_918085665 {\n  width: 100%;\n}\n<\/style>\n\t<\/div>\n\t\n\n<div class=\"row align-center\"  id=\"row-1136810499\">\n\n\n\t<div id=\"col-1757084388\" class=\"col medium-8 small-12 large-8\"  >\n\t\t\t\t<div class=\"col-inner\"  >\n\t\t\t\n\t\t\t\n\n\t<div id=\"text-2885204281\" class=\"text\">\n\t\t\n\n<h4>L\u2019engagement de Jolly \u00e0 investir en Europe est une r\u00e9alit\u00e9 objective et une conviction qui continuera \u00e0 inspirer les choix futurs de l\u2019entreprise pour atteindre de nouveaux succ\u00e8s en d\u00e9veloppant de nouveaux produits innovants.<\/h4>\n\t\t\n<style>\n#text-2885204281 {\n  text-align: center;\n}\n<\/style>\n\t<\/div>\n\t\n\n\t\t<\/div>\n\t\t\t\t\t<\/div>\n\n\t\n\n\n<style>\n#row-1136810499 > .col > .col-inner {\n  padding: 30px 0px 0px 0px;\n}\n<\/style>\n<\/div>\n\n\t\t<\/div>\n\t\t\t\t\t<\/div>\n\n\t\n\n<\/div>\n\n","protected":false},"excerpt":{"rendered":"","protected":false},"author":1,"featured_media":0,"parent":0,"menu_order":0,"comment_status":"closed","ping_status":"closed","template":"page-blank.php","meta":{"_acf_changed":false,"footnotes":""},"class_list":["post-3161","page","type-page","status-publish","hentry"],"acf":[],"yoast_head":"<!-- This site is optimized with the Yoast SEO plugin v27.2 - https:\/\/yoast.com\/product\/yoast-seo-wordpress\/ -->\n<title>Made in Europe - Jolly Scarpe<\/title>\n<meta name=\"robots\" content=\"index, follow, max-snippet:-1, max-image-preview:large, max-video-preview:-1\" \/>\n<link rel=\"canonical\" href=\"https:\/\/www.jollyscarpe.com\/fr\/made-in-europe\/\" \/>\n<meta property=\"og:locale\" content=\"fr_FR\" \/>\n<meta property=\"og:type\" content=\"article\" \/>\n<meta property=\"og:title\" content=\"Made in Europe - Jolly Scarpe\" \/>\n<meta property=\"og:url\" content=\"https:\/\/www.jollyscarpe.com\/fr\/made-in-europe\/\" \/>\n<meta property=\"og:site_name\" content=\"Jolly Scarpe\" \/>\n<meta property=\"article:modified_time\" content=\"2023-11-28T10:09:55+00:00\" \/>\n<meta name=\"twitter:card\" content=\"summary_large_image\" \/>\n<meta name=\"twitter:label1\" content=\"Dur\u00e9e de lecture estim\u00e9e\" \/>\n\t<meta name=\"twitter:data1\" content=\"1 minute\" \/>\n<script type=\"application\/ld+json\" class=\"yoast-schema-graph\">{\"@context\":\"https:\/\/schema.org\",\"@graph\":[{\"@type\":\"WebPage\",\"@id\":\"https:\/\/www.jollyscarpe.com\/fr\/made-in-europe\/\",\"url\":\"https:\/\/www.jollyscarpe.com\/fr\/made-in-europe\/\",\"name\":\"Made in Europe - Jolly Scarpe\",\"isPartOf\":{\"@id\":\"https:\/\/www.jollyscarpe.com\/fr\/#website\"},\"datePublished\":\"2022-11-29T13:51:05+00:00\",\"dateModified\":\"2023-11-28T10:09:55+00:00\",\"breadcrumb\":{\"@id\":\"https:\/\/www.jollyscarpe.com\/fr\/made-in-europe\/#breadcrumb\"},\"inLanguage\":\"fr-FR\",\"potentialAction\":[{\"@type\":\"ReadAction\",\"target\":[\"https:\/\/www.jollyscarpe.com\/fr\/made-in-europe\/\"]}]},{\"@type\":\"BreadcrumbList\",\"@id\":\"https:\/\/www.jollyscarpe.com\/fr\/made-in-europe\/#breadcrumb\",\"itemListElement\":[{\"@type\":\"ListItem\",\"position\":1,\"name\":\"Home \/ Prodotti\",\"item\":\"https:\/\/www.jollyscarpe.com\/fr\/page-daccueil\/\"},{\"@type\":\"ListItem\",\"position\":2,\"name\":\"Made in Europe\"}]},{\"@type\":\"WebSite\",\"@id\":\"https:\/\/www.jollyscarpe.com\/fr\/#website\",\"url\":\"https:\/\/www.jollyscarpe.com\/fr\/\",\"name\":\"Jolly Scarpe\",\"description\":\"Scarpe e calzature professionali antinfortunistiche\",\"potentialAction\":[{\"@type\":\"SearchAction\",\"target\":{\"@type\":\"EntryPoint\",\"urlTemplate\":\"https:\/\/www.jollyscarpe.com\/fr\/?s={search_term_string}\"},\"query-input\":{\"@type\":\"PropertyValueSpecification\",\"valueRequired\":true,\"valueName\":\"search_term_string\"}}],\"inLanguage\":\"fr-FR\"}]}<\/script>\n<!-- \/ Yoast SEO plugin. -->","yoast_head_json":{"title":"Made in Europe - Jolly Scarpe","robots":{"index":"index","follow":"follow","max-snippet":"max-snippet:-1","max-image-preview":"max-image-preview:large","max-video-preview":"max-video-preview:-1"},"canonical":"https:\/\/www.jollyscarpe.com\/fr\/made-in-europe\/","og_locale":"fr_FR","og_type":"article","og_title":"Made in Europe - Jolly Scarpe","og_url":"https:\/\/www.jollyscarpe.com\/fr\/made-in-europe\/","og_site_name":"Jolly Scarpe","article_modified_time":"2023-11-28T10:09:55+00:00","twitter_card":"summary_large_image","twitter_misc":{"Dur\u00e9e de lecture estim\u00e9e":"1 minute"},"schema":{"@context":"https:\/\/schema.org","@graph":[{"@type":"WebPage","@id":"https:\/\/www.jollyscarpe.com\/fr\/made-in-europe\/","url":"https:\/\/www.jollyscarpe.com\/fr\/made-in-europe\/","name":"Made in Europe - Jolly Scarpe","isPartOf":{"@id":"https:\/\/www.jollyscarpe.com\/fr\/#website"},"datePublished":"2022-11-29T13:51:05+00:00","dateModified":"2023-11-28T10:09:55+00:00","breadcrumb":{"@id":"https:\/\/www.jollyscarpe.com\/fr\/made-in-europe\/#breadcrumb"},"inLanguage":"fr-FR","potentialAction":[{"@type":"ReadAction","target":["https:\/\/www.jollyscarpe.com\/fr\/made-in-europe\/"]}]},{"@type":"BreadcrumbList","@id":"https:\/\/www.jollyscarpe.com\/fr\/made-in-europe\/#breadcrumb","itemListElement":[{"@type":"ListItem","position":1,"name":"Home \/ Prodotti","item":"https:\/\/www.jollyscarpe.com\/fr\/page-daccueil\/"},{"@type":"ListItem","position":2,"name":"Made in Europe"}]},{"@type":"WebSite","@id":"https:\/\/www.jollyscarpe.com\/fr\/#website","url":"https:\/\/www.jollyscarpe.com\/fr\/","name":"Jolly Scarpe","description":"Scarpe e calzature professionali antinfortunistiche","potentialAction":[{"@type":"SearchAction","target":{"@type":"EntryPoint","urlTemplate":"https:\/\/www.jollyscarpe.com\/fr\/?s={search_term_string}"},"query-input":{"@type":"PropertyValueSpecification","valueRequired":true,"valueName":"search_term_string"}}],"inLanguage":"fr-FR"}]}},"_links":{"self":[{"href":"https:\/\/www.jollyscarpe.com\/fr\/wp-json\/wp\/v2\/pages\/3161","targetHints":{"allow":["GET"]}}],"collection":[{"href":"https:\/\/www.jollyscarpe.com\/fr\/wp-json\/wp\/v2\/pages"}],"about":[{"href":"https:\/\/www.jollyscarpe.com\/fr\/wp-json\/wp\/v2\/types\/page"}],"author":[{"embeddable":true,"href":"https:\/\/www.jollyscarpe.com\/fr\/wp-json\/wp\/v2\/users\/1"}],"replies":[{"embeddable":true,"href":"https:\/\/www.jollyscarpe.com\/fr\/wp-json\/wp\/v2\/comments?post=3161"}],"version-history":[{"count":10,"href":"https:\/\/www.jollyscarpe.com\/fr\/wp-json\/wp\/v2\/pages\/3161\/revisions"}],"predecessor-version":[{"id":7597,"href":"https:\/\/www.jollyscarpe.com\/fr\/wp-json\/wp\/v2\/pages\/3161\/revisions\/7597"}],"wp:attachment":[{"href":"https:\/\/www.jollyscarpe.com\/fr\/wp-json\/wp\/v2\/media?parent=3161"}],"curies":[{"name":"wp","href":"https:\/\/api.w.org\/{rel}","templated":true}]}}